{"id":10736,"date":"2021-06-30T11:04:32","date_gmt":"2021-06-30T11:04:32","guid":{"rendered":"http:\/\/zsp-lasin.pl\/?page_id=10736"},"modified":"2023-06-29T11:02:58","modified_gmt":"2023-06-29T11:02:58","slug":"zapytanie-ofertowe","status":"publish","type":"page","link":"http:\/\/zsp-lasin.pl\/?page_id=10736","title":{"rendered":"Zapytanie ofertowe"},"content":{"rendered":"<p style=\"text-align: center;\"><span style=\"color: #000000;\"><strong><span style=\"color: #0000ff;\">Rok 2023<\/span><\/strong><\/span><\/p>\n<p style=\"text-align: center;\"><span style=\"color: #000000;\"><strong>ZAPYTANIE OFERTOWE<\/strong><\/span><\/p>\n<p><span style=\"color: #000000;\"><strong>na dostaw\u0119 sprz\u0119tu <\/strong><strong>do realizacji zadania w ramach <\/strong>\u00a0Programu Priorytetowego Program Regionalnego Wsparcia Edukacji Ekologicznej <strong>\u201eEkopracownia- zielone serce szko\u0142y\u201d<\/strong><\/span><\/p>\n<h6><span style=\"color: #000000;\"><a style=\"color: #000000;\" href=\"http:\/\/zsp-lasin.pl\/wp-content\/uploads\/2023\/06\/Notatka-z-wyboru-wykonawcy.pdf\">Notatka z wyboru wykonawcy<\/a><\/span><\/h6>\n<h6><a href=\"http:\/\/zsp-lasin.pl\/wp-content\/uploads\/2023\/06\/Zapytanie-ofertowe-Ekopracownia-2.pdf\">Zapytanie ofertowe &#8211; Ekopracownia<\/a><\/h6>\n<p><span style=\"color: #000000;\"><a style=\"color: #000000;\" href=\"http:\/\/zsp-lasin.pl\/wp-content\/uploads\/2023\/06\/Zalacznik-nr-1-Opis-przedmiotu-zamowienia.pdf\">Za\u0142\u0105cznik nr 1 &#8211; Opis przedmiotu zam\u00f3wienia<\/a><\/span><\/p>\n<p><span style=\"color: #000000;\"><a style=\"color: #000000;\" href=\"http:\/\/zsp-lasin.pl\/wp-content\/uploads\/2023\/06\/Zalacznik-nr-2-Formularz-ofertowy-1.pdf\">Za\u0142\u0105cznik nr 2 &#8211; Formularz ofertowy<\/a><\/span><\/p>\n<p>&nbsp;<\/p>\n<hr \/>\n<p style=\"text-align: center;\"><span style=\"color: #0000ff;\"><strong>Rok 2021<\/strong><\/span><\/p>\n<p><span style=\"font-size: 12pt;\"><a href=\"http:\/\/zsp-lasin.pl\/wp-content\/uploads\/2021\/07\/Notatka-z-wyboru-wykonawcy.pdf\">Notatka z wyboru wykonawcy<\/a><\/span><\/p>\n<p><span style=\"color: #000000;\"><a style=\"color: #000000;\" href=\"http:\/\/zsp-lasin.pl\/wp-content\/uploads\/2021\/06\/Regulamin-udzielania-zam\u00f3wie\u0144-publicznych-w-Szkole-Podstawowej-w-\u0141asinie.pdf\"><span style=\"font-size: 12pt;\">Regulamin udzielania zam\u00f3wie\u0144 publicznych w Szkole Podstawowej w \u0141asinie<\/span><\/a><\/span><\/p>\n<p><span style=\"font-size: 12pt; color: #000000;\"><a style=\"color: #000000;\" href=\"http:\/\/zsp-lasin.pl\/wp-content\/uploads\/2021\/06\/Zapytanie-ofertowe.docx\">Zapytanie ofertowe<\/a><\/span><\/p>\n<p><span style=\"font-size: 12pt; color: #000000;\"><a style=\"color: #000000;\" href=\"http:\/\/zsp-lasin.pl\/wp-content\/uploads\/2021\/06\/Wymagania-techniczne.docx\">Wymagania techniczne<\/a><\/span><\/p>\n<p><span style=\"font-size: 12pt; color: #000000;\"><a style=\"color: #000000;\" href=\"http:\/\/zsp-lasin.pl\/wp-content\/uploads\/2021\/06\/Umowa.docx\">Umowa<\/a><\/span><\/p>\n","protected":false},"excerpt":{"rendered":"<p>Rok 2023 ZAPYTANIE OFERTOWE na dostaw\u0119 sprz\u0119tu do realizacji zadania w ramach \u00a0Programu Priorytetowego Program Regionalnego Wsparcia Edukacji Ekologicznej \u201eEkopracownia- zielone serce szko\u0142y\u201d Notatka z wyboru wykonawcy Zapytanie ofertowe &#8211; Ekopracownia Za\u0142\u0105cznik nr 1 &#8211; Opis przedmiotu zam\u00f3wienia Za\u0142\u0105cznik nr 2 &#8211; Formularz ofertowy &nbsp; Rok 2021 Notatka z wyboru&hellip;<\/p>\n","protected":false},"author":1,"featured_media":0,"parent":0,"menu_order":0,"comment_status":"closed","ping_status":"closed","template":"","meta":[],"_links":{"self":[{"href":"http:\/\/zsp-lasin.pl\/index.php?rest_route=\/wp\/v2\/pages\/10736"}],"collection":[{"href":"http:\/\/zsp-lasin.pl\/index.php?rest_route=\/wp\/v2\/pages"}],"about":[{"href":"http:\/\/zsp-lasin.pl\/index.php?rest_route=\/wp\/v2\/types\/page"}],"author":[{"embeddable":true,"href":"http:\/\/zsp-lasin.pl\/index.php?rest_route=\/wp\/v2\/users\/1"}],"replies":[{"embeddable":true,"href":"http:\/\/zsp-lasin.pl\/index.php?rest_route=%2Fwp%2Fv2%2Fcomments&post=10736"}],"version-history":[{"count":14,"href":"http:\/\/zsp-lasin.pl\/index.php?rest_route=\/wp\/v2\/pages\/10736\/revisions"}],"predecessor-version":[{"id":21200,"href":"http:\/\/zsp-lasin.pl\/index.php?rest_route=\/wp\/v2\/pages\/10736\/revisions\/21200"}],"wp:attachment":[{"href":"http:\/\/zsp-lasin.pl\/index.php?rest_route=%2Fwp%2Fv2%2Fmedia&parent=10736"}],"curies":[{"name":"wp","href":"https:\/\/api.w.org\/{rel}","templated":true}]}}