{"id":21315,"date":"2023-07-04T07:19:24","date_gmt":"2023-07-04T07:19:24","guid":{"rendered":"http:\/\/zsp-lasin.pl\/?page_id=21315"},"modified":"2023-07-04T08:43:23","modified_gmt":"2023-07-04T08:43:23","slug":"przedsiewziecie-mein-pod-nazwa-poznaj-polske-edycja-2023","status":"publish","type":"page","link":"http:\/\/zsp-lasin.pl\/?page_id=21315","title":{"rendered":"EDYCJA 2023"},"content":{"rendered":"<h3 style=\"text-align: center;\"><span style=\"color: #000000;\"><strong>Przedsi\u0119wzi\u0119cie MEiN pod nazw\u0105 \u201ePoznaj Polsk\u0119\u201d<\/strong><\/span><\/h3>\n<h5 style=\"text-align: left;\"><strong><a href=\"https:\/\/www.gov.pl\/web\/edukacja-i-nauka\/poznaj-polske\"><img fetchpriority=\"high\" class=\"aligncenter wp-image-21350\" src=\"http:\/\/zsp-lasin.pl\/wp-content\/uploads\/2023\/07\/l_p_p-300x139.jpg\" alt=\"\" width=\"400\" height=\"186\" srcset=\"http:\/\/zsp-lasin.pl\/wp-content\/uploads\/2023\/07\/l_p_p-300x139.jpg 300w, http:\/\/zsp-lasin.pl\/wp-content\/uploads\/2023\/07\/l_p_p-768x357.jpg 768w, http:\/\/zsp-lasin.pl\/wp-content\/uploads\/2023\/07\/l_p_p-360x167.jpg 360w, http:\/\/zsp-lasin.pl\/wp-content\/uploads\/2023\/07\/l_p_p.jpg 798w\" sizes=\"(max-width: 400px) 100vw, 400px\" \/><\/a><\/strong><\/h5>\n<p style=\"text-align: justify;\"><span style=\"color: #000000;\">Przedsi\u0119wzi\u0119cie MEiN \u201ePoznaj Polsk\u0119\u201d ma na celu upowszechnianie wiedzy na temat naszego dziedzictwa narodowego i kulturowego oraz popularyzacj\u0119 osi\u0105gni\u0119\u0107 polskiej nauki. W tym roku szkolnym, w ramach realizacji Programu &#8222;Poznaj Polsk\u0119&#8221;, uczniowie naszej szko\u0142y uczestniczyli w wycieczkach: do Torunia, Wroc\u0142awia, Kielc i na Kaszuby.<\/span><\/p>\n<h5><\/h5>\n<h5 style=\"text-align: left;\"><a href=\"http:\/\/zsp-lasin.pl\/?page_id=21322\"><span style=\"color: #000000;\">Wycieczka do Torunia\u00a0<\/span><\/a><\/h5>\n<h5><a href=\"http:\/\/zsp-lasin.pl\/?page_id=21330\"><span style=\"color: #000000;\">Wycieczka do Wroc\u0142awia<\/span><\/a><\/h5>\n<h5><a href=\"http:\/\/zsp-lasin.pl\/?page_id=21336\"><span style=\"color: #000000;\">Wycieczka do Kielc<\/span><\/a><\/h5>\n<h5><a href=\"http:\/\/zsp-lasin.pl\/?page_id=21341\"><span style=\"color: #000000;\">Wycieczka na Kaszuby<\/span><\/a><\/h5>\n","protected":false},"excerpt":{"rendered":"<p>Przedsi\u0119wzi\u0119cie MEiN pod nazw\u0105 \u201ePoznaj Polsk\u0119\u201d Przedsi\u0119wzi\u0119cie MEiN \u201ePoznaj Polsk\u0119\u201d ma na celu upowszechnianie wiedzy na temat naszego dziedzictwa narodowego i kulturowego oraz popularyzacj\u0119 osi\u0105gni\u0119\u0107 polskiej nauki. W tym roku szkolnym, w ramach realizacji Programu &#8222;Poznaj Polsk\u0119&#8221;, uczniowie naszej szko\u0142y uczestniczyli w wycieczkach: do Torunia, Wroc\u0142awia, Kielc i na Kaszuby.&hellip;<\/p>\n","protected":false},"author":1,"featured_media":0,"parent":0,"menu_order":0,"comment_status":"closed","ping_status":"closed","template":"","meta":[],"_links":{"self":[{"href":"http:\/\/zsp-lasin.pl\/index.php?rest_route=\/wp\/v2\/pages\/21315"}],"collection":[{"href":"http:\/\/zsp-lasin.pl\/index.php?rest_route=\/wp\/v2\/pages"}],"about":[{"href":"http:\/\/zsp-lasin.pl\/index.php?rest_route=\/wp\/v2\/types\/page"}],"author":[{"embeddable":true,"href":"http:\/\/zsp-lasin.pl\/index.php?rest_route=\/wp\/v2\/users\/1"}],"replies":[{"embeddable":true,"href":"http:\/\/zsp-lasin.pl\/index.php?rest_route=%2Fwp%2Fv2%2Fcomments&post=21315"}],"version-history":[{"count":17,"href":"http:\/\/zsp-lasin.pl\/index.php?rest_route=\/wp\/v2\/pages\/21315\/revisions"}],"predecessor-version":[{"id":21362,"href":"http:\/\/zsp-lasin.pl\/index.php?rest_route=\/wp\/v2\/pages\/21315\/revisions\/21362"}],"wp:attachment":[{"href":"http:\/\/zsp-lasin.pl\/index.php?rest_route=%2Fwp%2Fv2%2Fmedia&parent=21315"}],"curies":[{"name":"wp","href":"https:\/\/api.w.org\/{rel}","templated":true}]}}