{"id":27712,"date":"2024-06-25T19:56:33","date_gmt":"2024-06-25T19:56:33","guid":{"rendered":"http:\/\/zsp-lasin.pl\/?page_id=27712"},"modified":"2024-06-25T20:12:45","modified_gmt":"2024-06-25T20:12:45","slug":"narodowy-program-rozwoju-czytelnictwa-2-0","status":"publish","type":"page","link":"http:\/\/zsp-lasin.pl\/?page_id=27712","title":{"rendered":"Narodowy Program Rozwoju Czytelnictwa 2.0"},"content":{"rendered":"<p><a href=\"https:\/\/www.gov.pl\/web\/kultura\/narodowy-program-rozwoju-czytelnictwa\"><strong><span style=\"color: #0000ff;\">Ministerstwo Kultury i Dziedzictwa Narodowego<\/span><\/strong><\/a><\/p>\n<p><img fetchpriority=\"high\" class=\"aligncenter wp-image-27723\" src=\"http:\/\/zsp-lasin.pl\/wp-content\/uploads\/2024\/06\/729x308-300x127.jpg\" alt=\"\" width=\"600\" height=\"253\" srcset=\"http:\/\/zsp-lasin.pl\/wp-content\/uploads\/2024\/06\/729x308-300x127.jpg 300w, http:\/\/zsp-lasin.pl\/wp-content\/uploads\/2024\/06\/729x308-360x152.jpg 360w, http:\/\/zsp-lasin.pl\/wp-content\/uploads\/2024\/06\/729x308.jpg 729w\" sizes=\"(max-width: 600px) 100vw, 600px\" \/><\/p>\n<div dir=\"auto\" style=\"text-align: justify;\"><span style=\"color: #000000;\">W pa\u017adzierniku 2023r. Szko\u0142a Podstawowa w \u0141asinie z\u0142o\u017cy\u0142a wniosek o udzielenie wsparcia finansowego w ramach &#8222;Narodowego Programu Rozwoju Czytelnictwa 2.0. na lata 2021-2025&#8221; &#8211; Priorytet 3, kt\u00f3ry zosta\u0142 pozytywnie rozpatrzony. Nasza plac\u00f3wka otrzyma\u0142a dotacj\u0119 w wysoko\u015bci 12000 z\u0142, co \u0142\u0105cznie z wk\u0142adem w\u0142asnym MiG \u0141asin stanowi 15000 z\u0142<\/span><\/div>\n<div dir=\"auto\" style=\"text-align: justify;\"><span style=\"color: #000000;\">Zgodnie ze z\u0142o\u017conym wnioskiem 8000 z\u0142 zostanie przeznaczone na zakup nowych ksi\u0105\u017cek; 6000 z\u0142 &#8211; na zakup element\u00f3w wyposa\u017cenia do biblioteki; 1000 z\u0142 &#8211; na realizacj\u0119 dzia\u0142a\u0144 promuj\u0105cych czytelnictwo.<\/span><\/div>\n<div dir=\"auto\" style=\"text-align: justify;\"><span style=\"color: #000000;\">Termin wykonania zada\u0144 w cz\u0119\u015bci merytorycznej oraz w cz\u0119\u015bci finansowej ustalono do dnia 31 grudnia 2024r., z tym \u017ce dzia\u0142ania promuj\u0105ce czytelnictwo s\u0105 prowadzone do ko\u0144ca roku szkolnego, nast\u0119puj\u0105cego po roku szkolnym, w kt\u00f3rym rozpocz\u0119to realizacj\u0119 Programu.<\/span><\/div>\n<div dir=\"auto\" style=\"text-align: justify;\"><span style=\"color: #000000;\">Mi\u0142o nam poinformowa\u0107, \u017ce cz\u0119\u015b\u0107 pieni\u0119dzy zosta\u0142a ju\u017c wydana na zakup nowych ksi\u0105\u017cek (wskazanych przez uczni\u00f3w w ankiecie), audiobook\u00f3w i gier planszowych<\/span>.<\/div>\n<p>&nbsp;<\/p>\n<div dir=\"auto\"><div class=\"su-image-carousel  su-image-carousel-columns-3 su-image-carousel-has-spacing su-image-carousel-crop su-image-carousel-crop-4-3 su-image-carousel-has-lightbox su-image-carousel-has-outline su-image-carousel-adaptive su-image-carousel-slides-style-minimal su-image-carousel-controls-style-dark su-image-carousel-align-center\" style=\"\" data-flickity-options='{\"groupCells\":true,\"cellSelector\":\".su-image-carousel-item\",\"adaptiveHeight\":false,\"cellAlign\":\"left\",\"prevNextButtons\":true,\"pageDots\":true,\"autoPlay\":5000,\"imagesLoaded\":true,\"contain\":true,\"selectedAttraction\":0.025,\"friction\":0.28}' id=\"su_image_carousel_69f742da5b525\"><div class=\"su-image-carousel-item\"><div class=\"su-image-carousel-item-content\"><a href=\"http:\/\/zsp-lasin.pl\/wp-content\/uploads\/2024\/06\/448799871_965558518701224_8949373290734671604_n.jpg\" data-caption=\"\"><img width=\"640\" height=\"364\" src=\"http:\/\/zsp-lasin.pl\/wp-content\/uploads\/2024\/06\/448799871_965558518701224_8949373290734671604_n-1024x583.jpg\" class=\"\" alt=\"\" srcset=\"http:\/\/zsp-lasin.pl\/wp-content\/uploads\/2024\/06\/448799871_965558518701224_8949373290734671604_n-1024x583.jpg 1024w, http:\/\/zsp-lasin.pl\/wp-content\/uploads\/2024\/06\/448799871_965558518701224_8949373290734671604_n-300x171.jpg 300w, http:\/\/zsp-lasin.pl\/wp-content\/uploads\/2024\/06\/448799871_965558518701224_8949373290734671604_n-768x437.jpg 768w, http:\/\/zsp-lasin.pl\/wp-content\/uploads\/2024\/06\/448799871_965558518701224_8949373290734671604_n-360x205.jpg 360w, http:\/\/zsp-lasin.pl\/wp-content\/uploads\/2024\/06\/448799871_965558518701224_8949373290734671604_n.jpg 1179w\" sizes=\"(max-width: 640px) 100vw, 640px\" \/><span><\/span><\/a><\/div><\/div><div class=\"su-image-carousel-item\"><div class=\"su-image-carousel-item-content\"><a href=\"http:\/\/zsp-lasin.pl\/wp-content\/uploads\/2024\/06\/448874632_965558878701188_406042362735150515_n.jpg\" data-caption=\"\"><img width=\"640\" height=\"905\" src=\"http:\/\/zsp-lasin.pl\/wp-content\/uploads\/2024\/06\/448874632_965558878701188_406042362735150515_n-724x1024.jpg\" class=\"\" alt=\"\" srcset=\"http:\/\/zsp-lasin.pl\/wp-content\/uploads\/2024\/06\/448874632_965558878701188_406042362735150515_n-724x1024.jpg 724w, http:\/\/zsp-lasin.pl\/wp-content\/uploads\/2024\/06\/448874632_965558878701188_406042362735150515_n-212x300.jpg 212w, http:\/\/zsp-lasin.pl\/wp-content\/uploads\/2024\/06\/448874632_965558878701188_406042362735150515_n-768x1086.jpg 768w, http:\/\/zsp-lasin.pl\/wp-content\/uploads\/2024\/06\/448874632_965558878701188_406042362735150515_n-1086x1536.jpg 1086w, http:\/\/zsp-lasin.pl\/wp-content\/uploads\/2024\/06\/448874632_965558878701188_406042362735150515_n-191x270.jpg 191w, http:\/\/zsp-lasin.pl\/wp-content\/uploads\/2024\/06\/448874632_965558878701188_406042362735150515_n.jpg 1448w\" sizes=\"(max-width: 640px) 100vw, 640px\" \/><span><\/span><\/a><\/div><\/div><div class=\"su-image-carousel-item\"><div class=\"su-image-carousel-item-content\"><a href=\"http:\/\/zsp-lasin.pl\/wp-content\/uploads\/2024\/06\/448879163_965558745367868_6121671723285133262_n.jpg\" data-caption=\"\"><img width=\"640\" height=\"938\" src=\"http:\/\/zsp-lasin.pl\/wp-content\/uploads\/2024\/06\/448879163_965558745367868_6121671723285133262_n-699x1024.jpg\" class=\"\" alt=\"\" srcset=\"http:\/\/zsp-lasin.pl\/wp-content\/uploads\/2024\/06\/448879163_965558745367868_6121671723285133262_n-699x1024.jpg 699w, http:\/\/zsp-lasin.pl\/wp-content\/uploads\/2024\/06\/448879163_965558745367868_6121671723285133262_n-205x300.jpg 205w, http:\/\/zsp-lasin.pl\/wp-content\/uploads\/2024\/06\/448879163_965558745367868_6121671723285133262_n-768x1125.jpg 768w, http:\/\/zsp-lasin.pl\/wp-content\/uploads\/2024\/06\/448879163_965558745367868_6121671723285133262_n-1049x1536.jpg 1049w, http:\/\/zsp-lasin.pl\/wp-content\/uploads\/2024\/06\/448879163_965558745367868_6121671723285133262_n-184x270.jpg 184w, http:\/\/zsp-lasin.pl\/wp-content\/uploads\/2024\/06\/448879163_965558745367868_6121671723285133262_n.jpg 1398w\" sizes=\"(max-width: 640px) 100vw, 640px\" \/><span><\/span><\/a><\/div><\/div><div class=\"su-image-carousel-item\"><div class=\"su-image-carousel-item-content\"><a href=\"http:\/\/zsp-lasin.pl\/wp-content\/uploads\/2024\/06\/448880481_965558755367867_2290854749651690079_n.jpg\" data-caption=\"\"><img width=\"640\" height=\"853\" src=\"http:\/\/zsp-lasin.pl\/wp-content\/uploads\/2024\/06\/448880481_965558755367867_2290854749651690079_n-768x1024.jpg\" class=\"\" alt=\"\" srcset=\"http:\/\/zsp-lasin.pl\/wp-content\/uploads\/2024\/06\/448880481_965558755367867_2290854749651690079_n-768x1024.jpg 768w, http:\/\/zsp-lasin.pl\/wp-content\/uploads\/2024\/06\/448880481_965558755367867_2290854749651690079_n-225x300.jpg 225w, http:\/\/zsp-lasin.pl\/wp-content\/uploads\/2024\/06\/448880481_965558755367867_2290854749651690079_n-1152x1536.jpg 1152w, http:\/\/zsp-lasin.pl\/wp-content\/uploads\/2024\/06\/448880481_965558755367867_2290854749651690079_n-203x270.jpg 203w, http:\/\/zsp-lasin.pl\/wp-content\/uploads\/2024\/06\/448880481_965558755367867_2290854749651690079_n.jpg 1536w\" sizes=\"(max-width: 640px) 100vw, 640px\" \/><span><\/span><\/a><\/div><\/div><div class=\"su-image-carousel-item\"><div class=\"su-image-carousel-item-content\"><a href=\"http:\/\/zsp-lasin.pl\/wp-content\/uploads\/2024\/06\/448886202_965557558701320_5694097452950161380_n.jpg\" data-caption=\"\"><img width=\"640\" height=\"853\" src=\"http:\/\/zsp-lasin.pl\/wp-content\/uploads\/2024\/06\/448886202_965557558701320_5694097452950161380_n.jpg\" class=\"\" alt=\"\" srcset=\"http:\/\/zsp-lasin.pl\/wp-content\/uploads\/2024\/06\/448886202_965557558701320_5694097452950161380_n.jpg 720w, http:\/\/zsp-lasin.pl\/wp-content\/uploads\/2024\/06\/448886202_965557558701320_5694097452950161380_n-225x300.jpg 225w, http:\/\/zsp-lasin.pl\/wp-content\/uploads\/2024\/06\/448886202_965557558701320_5694097452950161380_n-203x270.jpg 203w\" sizes=\"(max-width: 640px) 100vw, 640px\" \/><span><\/span><\/a><\/div><\/div><div class=\"su-image-carousel-item\"><div class=\"su-image-carousel-item-content\"><a href=\"http:\/\/zsp-lasin.pl\/wp-content\/uploads\/2024\/06\/448904510_965558812034528_4776488078209310547_n.jpg\" data-caption=\"\"><img width=\"640\" height=\"480\" src=\"http:\/\/zsp-lasin.pl\/wp-content\/uploads\/2024\/06\/448904510_965558812034528_4776488078209310547_n-1024x768.jpg\" class=\"\" alt=\"\" srcset=\"http:\/\/zsp-lasin.pl\/wp-content\/uploads\/2024\/06\/448904510_965558812034528_4776488078209310547_n-1024x768.jpg 1024w, http:\/\/zsp-lasin.pl\/wp-content\/uploads\/2024\/06\/448904510_965558812034528_4776488078209310547_n-300x225.jpg 300w, http:\/\/zsp-lasin.pl\/wp-content\/uploads\/2024\/06\/448904510_965558812034528_4776488078209310547_n-768x576.jpg 768w, http:\/\/zsp-lasin.pl\/wp-content\/uploads\/2024\/06\/448904510_965558812034528_4776488078209310547_n-1536x1152.jpg 1536w, http:\/\/zsp-lasin.pl\/wp-content\/uploads\/2024\/06\/448904510_965558812034528_4776488078209310547_n-360x270.jpg 360w, http:\/\/zsp-lasin.pl\/wp-content\/uploads\/2024\/06\/448904510_965558812034528_4776488078209310547_n.jpg 2048w\" sizes=\"(max-width: 640px) 100vw, 640px\" \/><span><\/span><\/a><\/div><\/div><div class=\"su-image-carousel-item\"><div class=\"su-image-carousel-item-content\"><a href=\"http:\/\/zsp-lasin.pl\/wp-content\/uploads\/2024\/06\/449002099_965558838701192_3537001645025145429_n.jpg\" data-caption=\"\"><img width=\"640\" height=\"853\" src=\"http:\/\/zsp-lasin.pl\/wp-content\/uploads\/2024\/06\/449002099_965558838701192_3537001645025145429_n-768x1024.jpg\" class=\"\" alt=\"\" srcset=\"http:\/\/zsp-lasin.pl\/wp-content\/uploads\/2024\/06\/449002099_965558838701192_3537001645025145429_n-768x1024.jpg 768w, http:\/\/zsp-lasin.pl\/wp-content\/uploads\/2024\/06\/449002099_965558838701192_3537001645025145429_n-225x300.jpg 225w, http:\/\/zsp-lasin.pl\/wp-content\/uploads\/2024\/06\/449002099_965558838701192_3537001645025145429_n-1152x1536.jpg 1152w, http:\/\/zsp-lasin.pl\/wp-content\/uploads\/2024\/06\/449002099_965558838701192_3537001645025145429_n-203x270.jpg 203w, http:\/\/zsp-lasin.pl\/wp-content\/uploads\/2024\/06\/449002099_965558838701192_3537001645025145429_n.jpg 1536w\" sizes=\"(max-width: 640px) 100vw, 640px\" \/><span><\/span><\/a><\/div><\/div><div class=\"su-image-carousel-item\"><div class=\"su-image-carousel-item-content\"><a href=\"http:\/\/zsp-lasin.pl\/wp-content\/uploads\/2024\/06\/449021539_965558562034553_1576747589594321698_n.jpg\" data-caption=\"\"><img width=\"640\" height=\"853\" src=\"http:\/\/zsp-lasin.pl\/wp-content\/uploads\/2024\/06\/449021539_965558562034553_1576747589594321698_n-768x1024.jpg\" class=\"\" alt=\"\" srcset=\"http:\/\/zsp-lasin.pl\/wp-content\/uploads\/2024\/06\/449021539_965558562034553_1576747589594321698_n-768x1024.jpg 768w, http:\/\/zsp-lasin.pl\/wp-content\/uploads\/2024\/06\/449021539_965558562034553_1576747589594321698_n-225x300.jpg 225w, http:\/\/zsp-lasin.pl\/wp-content\/uploads\/2024\/06\/449021539_965558562034553_1576747589594321698_n-1152x1536.jpg 1152w, http:\/\/zsp-lasin.pl\/wp-content\/uploads\/2024\/06\/449021539_965558562034553_1576747589594321698_n-203x270.jpg 203w, http:\/\/zsp-lasin.pl\/wp-content\/uploads\/2024\/06\/449021539_965558562034553_1576747589594321698_n.jpg 1536w\" sizes=\"(max-width: 640px) 100vw, 640px\" \/><span><\/span><\/a><\/div><\/div><div class=\"su-image-carousel-item\"><div class=\"su-image-carousel-item-content\"><a href=\"http:\/\/zsp-lasin.pl\/wp-content\/uploads\/2024\/06\/449041447_965558792034530_5636212588924755169_n.jpg\" data-caption=\"\"><img width=\"640\" height=\"480\" src=\"http:\/\/zsp-lasin.pl\/wp-content\/uploads\/2024\/06\/449041447_965558792034530_5636212588924755169_n-1024x768.jpg\" class=\"\" alt=\"\" srcset=\"http:\/\/zsp-lasin.pl\/wp-content\/uploads\/2024\/06\/449041447_965558792034530_5636212588924755169_n-1024x768.jpg 1024w, http:\/\/zsp-lasin.pl\/wp-content\/uploads\/2024\/06\/449041447_965558792034530_5636212588924755169_n-300x225.jpg 300w, http:\/\/zsp-lasin.pl\/wp-content\/uploads\/2024\/06\/449041447_965558792034530_5636212588924755169_n-768x576.jpg 768w, http:\/\/zsp-lasin.pl\/wp-content\/uploads\/2024\/06\/449041447_965558792034530_5636212588924755169_n-1536x1152.jpg 1536w, http:\/\/zsp-lasin.pl\/wp-content\/uploads\/2024\/06\/449041447_965558792034530_5636212588924755169_n-360x270.jpg 360w, http:\/\/zsp-lasin.pl\/wp-content\/uploads\/2024\/06\/449041447_965558792034530_5636212588924755169_n.jpg 2048w\" sizes=\"(max-width: 640px) 100vw, 640px\" \/><span><\/span><\/a><\/div><\/div><div class=\"su-image-carousel-item\"><div class=\"su-image-carousel-item-content\"><a href=\"http:\/\/zsp-lasin.pl\/wp-content\/uploads\/2024\/06\/449049463_965558658701210_5316407451850453128_n.jpg\" data-caption=\"\"><img width=\"640\" height=\"853\" src=\"http:\/\/zsp-lasin.pl\/wp-content\/uploads\/2024\/06\/449049463_965558658701210_5316407451850453128_n-768x1024.jpg\" class=\"\" alt=\"\" srcset=\"http:\/\/zsp-lasin.pl\/wp-content\/uploads\/2024\/06\/449049463_965558658701210_5316407451850453128_n-768x1024.jpg 768w, http:\/\/zsp-lasin.pl\/wp-content\/uploads\/2024\/06\/449049463_965558658701210_5316407451850453128_n-225x300.jpg 225w, http:\/\/zsp-lasin.pl\/wp-content\/uploads\/2024\/06\/449049463_965558658701210_5316407451850453128_n-1152x1536.jpg 1152w, http:\/\/zsp-lasin.pl\/wp-content\/uploads\/2024\/06\/449049463_965558658701210_5316407451850453128_n-203x270.jpg 203w, http:\/\/zsp-lasin.pl\/wp-content\/uploads\/2024\/06\/449049463_965558658701210_5316407451850453128_n.jpg 1536w\" sizes=\"(max-width: 640px) 100vw, 640px\" \/><span><\/span><\/a><\/div><\/div><div class=\"su-image-carousel-item\"><div class=\"su-image-carousel-item-content\"><a href=\"http:\/\/zsp-lasin.pl\/wp-content\/uploads\/2024\/06\/449141727_965558692034540_6207675171607844353_n.jpg\" data-caption=\"\"><img width=\"640\" height=\"853\" src=\"http:\/\/zsp-lasin.pl\/wp-content\/uploads\/2024\/06\/449141727_965558692034540_6207675171607844353_n-768x1024.jpg\" class=\"\" alt=\"\" srcset=\"http:\/\/zsp-lasin.pl\/wp-content\/uploads\/2024\/06\/449141727_965558692034540_6207675171607844353_n-768x1024.jpg 768w, http:\/\/zsp-lasin.pl\/wp-content\/uploads\/2024\/06\/449141727_965558692034540_6207675171607844353_n-225x300.jpg 225w, http:\/\/zsp-lasin.pl\/wp-content\/uploads\/2024\/06\/449141727_965558692034540_6207675171607844353_n-1152x1536.jpg 1152w, http:\/\/zsp-lasin.pl\/wp-content\/uploads\/2024\/06\/449141727_965558692034540_6207675171607844353_n-203x270.jpg 203w, http:\/\/zsp-lasin.pl\/wp-content\/uploads\/2024\/06\/449141727_965558692034540_6207675171607844353_n.jpg 1536w\" sizes=\"(max-width: 640px) 100vw, 640px\" \/><span><\/span><\/a><\/div><\/div><div class=\"su-image-carousel-item\"><div class=\"su-image-carousel-item-content\"><a href=\"http:\/\/zsp-lasin.pl\/wp-content\/uploads\/2024\/06\/448696143_965558852034524_5612170896567891427_n.jpg\" data-caption=\"\"><img width=\"640\" height=\"942\" src=\"http:\/\/zsp-lasin.pl\/wp-content\/uploads\/2024\/06\/448696143_965558852034524_5612170896567891427_n-696x1024.jpg\" class=\"\" alt=\"\" srcset=\"http:\/\/zsp-lasin.pl\/wp-content\/uploads\/2024\/06\/448696143_965558852034524_5612170896567891427_n-696x1024.jpg 696w, http:\/\/zsp-lasin.pl\/wp-content\/uploads\/2024\/06\/448696143_965558852034524_5612170896567891427_n-204x300.jpg 204w, http:\/\/zsp-lasin.pl\/wp-content\/uploads\/2024\/06\/448696143_965558852034524_5612170896567891427_n-768x1130.jpg 768w, http:\/\/zsp-lasin.pl\/wp-content\/uploads\/2024\/06\/448696143_965558852034524_5612170896567891427_n-1044x1536.jpg 1044w, http:\/\/zsp-lasin.pl\/wp-content\/uploads\/2024\/06\/448696143_965558852034524_5612170896567891427_n-184x270.jpg 184w, http:\/\/zsp-lasin.pl\/wp-content\/uploads\/2024\/06\/448696143_965558852034524_5612170896567891427_n.jpg 1392w\" sizes=\"(max-width: 640px) 100vw, 640px\" \/><span><\/span><\/a><\/div><\/div><\/div><script id=\"su_image_carousel_69f742da5b525_script\">if(window.SUImageCarousel){setTimeout(function() {window.SUImageCarousel.initGallery(document.getElementById(\"su_image_carousel_69f742da5b525\"))}, 0);}var su_image_carousel_69f742da5b525_script=document.getElementById(\"su_image_carousel_69f742da5b525_script\");if(su_image_carousel_69f742da5b525_script){su_image_carousel_69f742da5b525_script.parentNode.removeChild(su_image_carousel_69f742da5b525_script);}<\/script><\/div>\n<div dir=\"auto\"><\/div>\n<p style=\"text-align: right;\"><span style=\"color: #000000;\"><em><span style=\"font-family: 'times new roman', times, serif; font-size: 10px;\">(\u017ar\u00f3d\u0142o: SP \u0141asin)<\/span><\/em><\/span><\/p>\n","protected":false},"excerpt":{"rendered":"<p>Ministerstwo Kultury i Dziedzictwa Narodowego W pa\u017adzierniku 2023r. Szko\u0142a Podstawowa w \u0141asinie z\u0142o\u017cy\u0142a wniosek o udzielenie wsparcia finansowego w ramach &#8222;Narodowego Programu Rozwoju Czytelnictwa 2.0. na lata 2021-2025&#8221; &#8211; Priorytet 3, kt\u00f3ry zosta\u0142 pozytywnie rozpatrzony. Nasza plac\u00f3wka otrzyma\u0142a dotacj\u0119 w wysoko\u015bci 12000 z\u0142, co \u0142\u0105cznie z wk\u0142adem w\u0142asnym MiG \u0141asin&hellip;<\/p>\n","protected":false},"author":1,"featured_media":0,"parent":0,"menu_order":0,"comment_status":"closed","ping_status":"closed","template":"","meta":[],"_links":{"self":[{"href":"http:\/\/zsp-lasin.pl\/index.php?rest_route=\/wp\/v2\/pages\/27712"}],"collection":[{"href":"http:\/\/zsp-lasin.pl\/index.php?rest_route=\/wp\/v2\/pages"}],"about":[{"href":"http:\/\/zsp-lasin.pl\/index.php?rest_route=\/wp\/v2\/types\/page"}],"author":[{"embeddable":true,"href":"http:\/\/zsp-lasin.pl\/index.php?rest_route=\/wp\/v2\/users\/1"}],"replies":[{"embeddable":true,"href":"http:\/\/zsp-lasin.pl\/index.php?rest_route=%2Fwp%2Fv2%2Fcomments&post=27712"}],"version-history":[{"count":9,"href":"http:\/\/zsp-lasin.pl\/index.php?rest_route=\/wp\/v2\/pages\/27712\/revisions"}],"predecessor-version":[{"id":27725,"href":"http:\/\/zsp-lasin.pl\/index.php?rest_route=\/wp\/v2\/pages\/27712\/revisions\/27725"}],"wp:attachment":[{"href":"http:\/\/zsp-lasin.pl\/index.php?rest_route=%2Fwp%2Fv2%2Fmedia&parent=27712"}],"curies":[{"name":"wp","href":"https:\/\/api.w.org\/{rel}","templated":true}]}}