{"id":3475,"date":"2019-01-07T22:29:11","date_gmt":"2019-01-07T22:29:11","guid":{"rendered":"http:\/\/zsp-lasin.pl\/?page_id=3475"},"modified":"2019-01-08T05:46:46","modified_gmt":"2019-01-08T05:46:46","slug":"dla-rodzicow","status":"publish","type":"page","link":"http:\/\/zsp-lasin.pl\/?page_id=3475","title":{"rendered":""},"content":{"rendered":"<p style=\"text-align: center;\"><strong><span style=\"font-size: 14pt;\"><span style=\"color: #000000;\">Propozycje ksi\u0105\u017cek dla rodzic\u00f3w<\/span><\/span><\/strong><\/p>\n<p><span style=\"color: #000000; font-size: 12pt;\"><strong>LITERATURA\u00a0 PI\u0118KNA<\/strong><\/span><\/p>\n<ol>\n<li><span style=\"color: #000000;\">K. K. Baczy\u0144ski, Utwory wybrane<\/span><\/li>\n<li><span style=\"color: #000000;\">R. J. Palacio, Cudowny ch\u0142opak<\/span><\/li>\n<li><span style=\"color: #000000;\">P. Coelho, Alchemik<\/span><\/li>\n<li><span style=\"color: #000000;\">M. Hydzik- \u017bmuda<\/span><\/li>\n<li><span style=\"color: #000000;\">A. Christie, Z\u0142o czai si\u0119 wsz\u0119dzie<\/span><\/li>\n<li><span style=\"color: #000000;\">A. Christie, Pi\u0119\u0107 ma\u0142ych \u015bwinek<\/span><\/li>\n<li><span style=\"color: #000000;\">A. Christie, Nemezis<\/span><\/li>\n<li><span style=\"color: #000000;\">A. Christie, \u015amiertelna kl\u0105twa<\/span><\/li>\n<li><span style=\"color: #000000;\">A. Conan Doyle, Powr\u00f3t Sherlocka Holmesa<\/span><\/li>\n<li><span style=\"color: #000000;\">A. Conan Doyle, Wspomnienia Sherlocka Holmesa<\/span><\/li>\n<li><span style=\"color: #000000;\">A. Conan Doyle, Dolina strachu<\/span><\/li>\n<li><span style=\"color: #000000;\">A. Conan Doyle, Sprawy Sherlocka Holmesa<\/span><\/li>\n<li><span style=\"color: #000000;\">A. Conan Doyle, Po\u017cegnalny uk\u0142on<\/span><\/li>\n<li><span style=\"color: #000000;\">Z. Herbert, 89 wierszy<\/span><\/li>\n<li><span style=\"color: #000000;\">J. Kochanowski, Dzie\u0142a polskie<\/span><\/li>\n<li><span style=\"color: #000000;\">K. Ko\u0142czewska, Idealne \u017cycie<\/span><\/li>\n<li><span style=\"color: #000000;\">K. Bulicz- Kasprzak, Szlachetne pobudki<\/span><\/li>\n<li><span style=\"color: #000000;\">G. Garga\u015b, Namaluj mi s\u0142o\u0144ce<\/span><\/li>\n<li><span style=\"color: #000000;\">K. Bulicz- Kasprzak, Uzasadnione w\u0105tpliwo\u015bci<\/span><\/li>\n<li><span style=\"color: #000000;\">E. Segal, Love story i opowie\u015b\u0107 Oliwiera<\/span><\/li>\n<li><span style=\"color: #000000;\">K. Michalak, Nadzieja<\/span><\/li>\n<li><span style=\"color: #000000;\">D. Terakowska, Tam gdzie spadaj\u0105 anio\u0142y<\/span><\/li>\n<li><span style=\"color: #000000;\">M. Or\u0142owska, U Pana Boga pod grusz\u0105<\/span><\/li>\n<li><span style=\"color: #000000;\">B. Kosmowska, Samotni.pl<\/span><\/li>\n<li><span style=\"color: #000000;\">M. Kordel, Anio\u0142 do wynaj\u0119cia<\/span><\/li>\n<li><span style=\"color: #000000;\">J. S\u0142owacki, Wiersze i poematy<\/span><\/li>\n<li><span style=\"color: #000000;\">C. K. Norwid, Wiersze<\/span><\/li>\n<li><span style=\"color: #000000;\">J. Twardowski, Wiersze najwi\u0119kszej nadziei<\/span><\/li>\n<li><span style=\"color: #000000;\">H. Moris, Tatua\u017cysta z Auszwitz<\/span><\/li>\n<li><span style=\"color: #000000;\">N. Yoon, Ponad wszystko<\/span><\/li>\n<li><span style=\"color: #000000;\">K. Cass, Jedyna<\/span><\/li>\n<li><span style=\"color: #000000;\">A. Herbich, Dziewczyny z powstania<\/span><\/li>\n<li><span style=\"color: #000000;\">C. Ruiz Zafon, Cie\u0144 wiatru<\/span><\/li>\n<li><span style=\"color: #000000;\">B. Ziembicka, tylko dzi\u0119ki mi\u0142o\u015bci<\/span><\/li>\n<li><span style=\"color: #000000;\">J. Green, Gwiazd naszych wina<\/span><\/li>\n<li><span style=\"color: #000000;\">J. Ford, Wy\u015bnij i mnie<\/span><\/li>\n<li><span style=\"color: #000000;\">E. \u015awi\u0119tek, Mi\u00f3d na serce<\/span><\/li>\n<li><span style=\"color: #000000;\">M. Righini, Cappuccino<\/span><\/li>\n<li><span style=\"color: #000000;\">G. Forman, Zosta\u0144, je\u015bli kochasz<\/span><\/li>\n<li><span style=\"color: #000000;\">G. Forman, Wr\u00f3\u0107, je\u015bli pami\u0119tasz<\/span><\/li>\n<li><span style=\"color: #000000;\">H. Hassenm\u00fcller, Desiree, czyli czas pr\u00f3by<\/span><\/li>\n<li><span style=\"color: #000000;\">A. Harvey, \u017b\u0105dza krwi<\/span><\/li>\n<li><span style=\"color: #000000;\">n. Lebrecht, Pie\u015b\u0144 imion<\/span><\/li>\n<li><span style=\"color: #000000;\">T. Revay, Ostatnie lato w Mayfair<\/span><\/li>\n<li><span style=\"color: #000000;\">B. Ostrowicka, Z\u0142a dziewczyna<\/span><\/li>\n<li><span style=\"color: #000000;\">J. Piechowski, Czas min\u0105\u0142 imperatorze<\/span><\/li>\n<li><span style=\"color: #000000;\">C. Parkhurst, Psy z wie\u017cy Babel<\/span><\/li>\n<li><span style=\"color: #000000;\">R. Rushton, wszystko o mi\u0142o\u015bci<\/span><\/li>\n<li><span style=\"color: #000000;\">M. Szyszko-Kondej, Sze\u015b\u0107 c\u00f3rek<\/span><\/li>\n<li><span style=\"color: #000000;\">N. Shusterman, E. Elfman, Strych Tesli<\/span><\/li>\n<li><span style=\"color: #000000;\">M. Ulatowska, J. Skowro\u0144ski, Tylko milion<\/span><\/li>\n<li><span style=\"color: #000000;\">A. Onichimowska, Hera moja mi\u0142o\u015b\u0107<\/span><\/li>\n<\/ol>\n<p>&nbsp;<\/p>\n<p><span style=\"color: #000000;\"><strong>LITERATURA POPULARNONAUKOWA<br \/>\n<\/strong><\/span><\/p>\n<p>&nbsp;<\/p>\n<ol>\n<li><span style=\"color: #000000;\">M\u0142odzie\u017c i narkotyki. Terapia i rehabilitacja<\/span><\/li>\n<li><span style=\"color: #000000;\">Zapobieganie narkomanii<\/span><\/li>\n<li><span style=\"color: #000000;\">W. Szyszkowska, Adopcja. A co potem?<\/span><\/li>\n<li><span style=\"color: #000000;\">T. Gordon, wychowanie bez pora\u017cek<\/span><\/li>\n<li><span style=\"color: #000000;\">A. Pacewicz, Jak pom\u00f3c dziecku nie pi\u0107?<\/span><\/li>\n<li><span style=\"color: #000000;\">J. Bailey, Porozmawiajmy o \u2026 Narkotyki<\/span><\/li>\n<li><span style=\"color: #000000;\">Bli\u017cej siebie \u2013 dalej od narkotyk\u00f3w. Poradnik dla rodzic\u00f3w<\/span><\/li>\n<li><span style=\"color: #000000;\">A. Faber, Jak m\u00f3wi\u0107, aby dzieci nas s\u0142ucha\u0142y. Jak s\u0142ucha\u0107, \u017ceby dzieci do nas m\u00f3wi\u0142y?<\/span><\/li>\n<li><span style=\"color: #000000;\">C. Warbrick, Porozmawiajmy o \u2026 Od\u017cywianie<\/span><\/li>\n<li><span style=\"color: #000000;\">V. Albisetti, By\u0107 naprawd\u0119 sob\u0105. Jak \u017cy\u0107 dojrzale i \u015bwiadomie<\/span><\/li>\n<li><span style=\"color: #000000;\">C. Semmelroth, Gdy gniew niszczy Twoje relacje, czyli jak rozwi\u0105zywa\u0107 problemy bez z\u0142o\u015bci<\/span><\/li>\n<li><span style=\"color: #000000;\">Rodzice o dzieciach uzdolnionych<\/span><\/li>\n<li><span style=\"color: #000000;\">T. Dimoff, Jak rozpozna\u0107, czy dziecko si\u0119ga po narkotyki?<\/span><\/li>\n<li><span style=\"color: #000000;\">M. Dziewi\u0119cki, Nowoczesna profilaktyka uzale\u017cnie\u0144<\/span><\/li>\n<li><span style=\"color: #000000;\">M. Bogdanowicz, O dysleksji, czyli specyficznych trudno\u015bciach w czytaniu i pisaniu<\/span><\/li>\n<li><span style=\"color: #000000;\">G. Reid, Dysleksja<\/span><\/li>\n<li><span style=\"color: #000000;\">F. J. O\u2019Regan, ADHD<\/span><\/li>\n<li><span style=\"color: #000000;\">dr A. Kirby, Dyspraksja \u2013 rozwojowe zaburzenia koordynacji<\/span><\/li>\n<li><span style=\"color: #000000;\">D. Nosowska, R. Kreczman-Madej, 5 najwiekszych problem\u00f3w u dzieci<\/span><\/li>\n<li><span style=\"color: #000000;\">E. Madrova, spr\u00f3bujcie by\u0107 dzieckiem<\/span><\/li>\n<li><span style=\"color: #000000;\">D. Zawadzka, Moje dziecko cz.1, cz.2<\/span><\/li>\n<li><span style=\"color: #000000;\">P. Stadelmann, Akwarium<\/span><\/li>\n<li><span style=\"color: #000000;\">\u0141. Zieli\u0144ski, Kuchnia indyjska<\/span><\/li>\n<li><span style=\"color: #000000;\">Kuchnia polska Mak\u0142owicza i Bikonta, Zupy<\/span><\/li>\n<li><span style=\"color: #000000;\">Potrawy z grzyb\u00f3w<\/span><\/li>\n<li><span style=\"color: #000000;\">Potrawy \u015bwi\u0105teczne<\/span><\/li>\n<li><span style=\"color: #000000;\">M. Or\u0142owska, Kuchnie \u015bwiata. Kuchnia meksyka\u0144ska<\/span><\/li>\n<li><span style=\"color: #000000;\">M. Or\u0142owska, Kuchnie \u015bwiata. Kuchnia indyjska<\/span><\/li>\n<li><span style=\"color: #000000;\">A. Szczepa\u0144ska, Desery i napoje w naszej kuchni<\/span><\/li>\n<li><span style=\"color: #000000;\">M. Stefaniak, Kuchnia polska. Dania z drobiu<\/span><\/li>\n<li><span style=\"color: #000000;\">Potrawy wigilijne<\/span><\/li>\n<li><span style=\"color: #000000;\">Kuchnia staropolska<\/span><\/li>\n<li><span style=\"color: #000000;\">Desery domowe<\/span><\/li>\n<li><span style=\"color: #000000;\">H. Gryka\u0142owska, Smakowita kolekcja przepis\u00f3w<\/span><\/li>\n<li><span style=\"color: #000000;\">Encyklopedia. Ciasta<\/span><\/li>\n<li><span style=\"color: #000000;\">Zupy domowe<\/span><\/li>\n<li><span style=\"color: #000000;\">Ch. Feudtner, S\u0142odko-gorzkie historie (o cukrzycy)<\/span><\/li>\n<\/ol>\n<p style=\"text-align: right;\"><span style=\"color: #000000; font-size: 8pt;\"><em>(\u017ar\u00f3d\u0142o:\u00a0 mgr B. Mrozek)<\/em><\/span><\/p>\n","protected":false},"excerpt":{"rendered":"<p>Propozycje ksi\u0105\u017cek dla rodzic\u00f3w LITERATURA\u00a0 PI\u0118KNA K. K. Baczy\u0144ski, Utwory wybrane R. J. Palacio, Cudowny ch\u0142opak P. Coelho, Alchemik M. Hydzik- \u017bmuda A. Christie, Z\u0142o czai si\u0119 wsz\u0119dzie A. Christie, Pi\u0119\u0107 ma\u0142ych \u015bwinek A. Christie, Nemezis A. Christie, \u015amiertelna kl\u0105twa A. Conan Doyle, Powr\u00f3t Sherlocka Holmesa A. Conan Doyle, Wspomnienia&hellip;<\/p>\n","protected":false},"author":1,"featured_media":0,"parent":0,"menu_order":0,"comment_status":"closed","ping_status":"closed","template":"","meta":[],"_links":{"self":[{"href":"http:\/\/zsp-lasin.pl\/index.php?rest_route=\/wp\/v2\/pages\/3475"}],"collection":[{"href":"http:\/\/zsp-lasin.pl\/index.php?rest_route=\/wp\/v2\/pages"}],"about":[{"href":"http:\/\/zsp-lasin.pl\/index.php?rest_route=\/wp\/v2\/types\/page"}],"author":[{"embeddable":true,"href":"http:\/\/zsp-lasin.pl\/index.php?rest_route=\/wp\/v2\/users\/1"}],"replies":[{"embeddable":true,"href":"http:\/\/zsp-lasin.pl\/index.php?rest_route=%2Fwp%2Fv2%2Fcomments&post=3475"}],"version-history":[{"count":7,"href":"http:\/\/zsp-lasin.pl\/index.php?rest_route=\/wp\/v2\/pages\/3475\/revisions"}],"predecessor-version":[{"id":3495,"href":"http:\/\/zsp-lasin.pl\/index.php?rest_route=\/wp\/v2\/pages\/3475\/revisions\/3495"}],"wp:attachment":[{"href":"http:\/\/zsp-lasin.pl\/index.php?rest_route=%2Fwp%2Fv2%2Fmedia&parent=3475"}],"curies":[{"name":"wp","href":"https:\/\/api.w.org\/{rel}","templated":true}]}}