{"id":3481,"date":"2019-01-07T22:38:34","date_gmt":"2019-01-07T22:38:34","guid":{"rendered":"http:\/\/zsp-lasin.pl\/?page_id=3481"},"modified":"2019-01-07T23:03:03","modified_gmt":"2019-01-07T23:03:03","slug":"narodowy-program-rozwoju-czytelnictwa","status":"publish","type":"page","link":"http:\/\/zsp-lasin.pl\/?page_id=3481","title":{"rendered":""},"content":{"rendered":"<p style=\"text-align: center;\"><span style=\"font-size: 12pt;\"><strong><span style=\"color: #000000;\">Sprawozdanie z realizacji Narodowego Programu Rozwoju <\/span><\/strong><\/span><\/p>\n<p style=\"text-align: center;\"><span style=\"font-size: 12pt;\"><strong><span style=\"color: #000000;\">Czytelnictwa <\/span><\/strong><\/span><span style=\"font-size: 12pt;\"><strong><span style=\"color: #000000;\">w Szkole Podstawowej<\/span><\/strong><\/span><span style=\"font-size: 12pt;\"><strong><span style=\"color: #000000;\"> w \u0141asinie<\/span><\/strong><\/span><\/p>\n<p><strong>\u00a0<\/strong><\/p>\n<p style=\"text-align: justify;\">\u00a0\u00a0\u00a0\u00a0\u00a0\u00a0\u00a0<span style=\"color: #000000;\"> W czerwcu 2018 r. szko\u0142a przyst\u0105pi\u0142a do Narodowego Programu Rozwoju Czytelnictwa, w ramach kt\u00f3rego biblioteka otrzyma\u0142a 15000 z\u0142 na zakup nowych ksi\u0105\u017cek ( 12000z\u0142 + 3000z\u0142 wk\u0142ad w\u0142asny). Bibliotekarze zebrali od uczni\u00f3w propozycje interesuj\u0105cych ich pozycji i na tej podstawie stworzyli spis ksi\u0105\u017cek, kt\u00f3ry nast\u0119pnie zosta\u0142 zaopiniowany przez SU i RR. W lipcu dokonano zam\u00f3wie\u0144 ksi\u0105\u017cek. Od wrze\u015bnia wychowawcy i pozostali nauczyciele rozpocz\u0119li w klasach realizacj\u0119 projekt\u00f3w z wykorzystaniem nowo\u015bci. W listopadzie i grudniu 2018r. zacz\u0119\u0142y sp\u0142ywa\u0107 do biblioteki sprawozdania z realizacji nast\u0119puj\u0105cych projekt\u00f3w.<\/span><\/p>\n<table>\n<tbody>\n<tr>\n<td width=\"54\"><span style=\"color: #000000;\"><strong>L.p.<\/strong><\/span><\/td>\n<td width=\"104\"><span style=\"color: #000000;\"><strong>\u00a0\u00a0\u00a0\u00a0\u00a0\u00a0 Klasa<\/strong><\/span><\/td>\n<td width=\"274\"><span style=\"color: #000000;\"><strong>\u00a0\u00a0\u00a0\u00a0\u00a0\u00a0\u00a0\u00a0\u00a0\u00a0\u00a0\u00a0 Nazwa projektu<\/strong><\/span><\/td>\n<td width=\"182\"><span style=\"color: #000000;\"><strong>Nauczyciel odpowiedzialny<\/strong><\/span><\/td>\n<\/tr>\n<tr>\n<td width=\"54\"><span style=\"color: #000000;\">1.<\/span><\/td>\n<td width=\"104\"><span style=\"color: #000000;\">Ia<\/span><\/td>\n<td width=\"274\"><span style=\"color: #000000;\">\u201eZaopiekuj si\u0119 mn\u0105\u201d.<\/span><\/td>\n<td width=\"182\"><span style=\"color: #000000;\">I. Bara\u0144ska<\/span><\/td>\n<\/tr>\n<tr>\n<td width=\"54\"><span style=\"color: #000000;\">2.<\/span><\/td>\n<td width=\"104\"><span style=\"color: #000000;\">Ib<\/span><\/td>\n<td width=\"274\"><span style=\"color: #000000;\">\u201eCzytanie mo\u017cna polubi\u0107, bo tylko czytaj\u0105cy mo\u017ce wi\u0119cej\u201d.<\/span><\/td>\n<td width=\"182\"><span style=\"color: #000000;\">S. Kwiatkowska<\/span><\/td>\n<\/tr>\n<tr>\n<td width=\"54\"><span style=\"color: #000000;\">3.<\/span><\/td>\n<td width=\"104\"><span style=\"color: #000000;\">Ic<\/span><\/td>\n<td width=\"274\"><span style=\"color: #000000;\">\u201eZ Basi\u0105 nigdy si\u0119 nie nudz\u0119\u201d<\/span><\/td>\n<td width=\"182\"><span style=\"color: #000000;\">I. Faltynowska<\/span><\/td>\n<\/tr>\n<tr>\n<td width=\"54\"><span style=\"color: #000000;\">4.<\/span><\/td>\n<td width=\"104\"><span style=\"color: #000000;\">IIb, IIc<\/span><\/td>\n<td width=\"274\"><span style=\"color: #000000;\">\u201eCzytamy bez mamy\u201d<\/span><\/td>\n<td width=\"182\"><span style=\"color: #000000;\">M. Rutkowska<\/span><\/p>\n<p><span style=\"color: #000000;\">K. Ka\u0142u\u017cna<\/span><\/td>\n<\/tr>\n<tr>\n<td width=\"54\"><span style=\"color: #000000;\">5.<\/span><\/td>\n<td width=\"104\"><span style=\"color: #000000;\">IIa, IIb, IIc<\/span><\/td>\n<td width=\"274\"><span style=\"color: #000000;\">\u201eAfryka Kazika\u201d<\/span><\/td>\n<td width=\"182\"><span style=\"color: #000000;\">K.Ka\u0142u\u017cna<\/span><\/p>\n<p><span style=\"color: #000000;\">W. Gajdus<\/span><\/p>\n<p><span style=\"color: #000000;\">M. Rutkowska<\/span><\/td>\n<\/tr>\n<tr>\n<td width=\"54\"><span style=\"color: #000000;\">6.<\/span><\/td>\n<td width=\"104\"><span style=\"color: #000000;\">IIIa, IIIb<\/span><\/td>\n<td width=\"274\"><span style=\"color: #000000;\">\u201eCzytam sobie\u201d, \u201eZaopiekuj si\u0119 mn\u0105\u201d<\/span><\/td>\n<td width=\"182\"><span style=\"color: #000000;\">S. Paszkowska-Zaj\u0105ka\u0142a<\/span><\/p>\n<p><span style=\"color: #000000;\">M. Uniatowska<\/span><\/td>\n<\/tr>\n<tr>\n<td width=\"54\"><span style=\"color: #000000;\">7.<\/span><\/td>\n<td width=\"104\"><span style=\"color: #000000;\">IVb<\/span><\/td>\n<td width=\"274\"><span style=\"color: #000000;\">\u201eMoja Ma\u0142a Ojczyzna\u201d<\/span><\/td>\n<td width=\"182\"><span style=\"color: #000000;\">E. Szymanowicz<\/span><\/td>\n<\/tr>\n<tr>\n<td width=\"54\"><span style=\"color: #000000;\">8.<\/span><\/td>\n<td width=\"104\"><span style=\"color: #000000;\">Va<\/span><\/td>\n<td width=\"274\"><span style=\"color: #000000;\">\u201ePrzyjaciele zwierz\u0105t\u201d<\/span><\/td>\n<td width=\"182\"><span style=\"color: #000000;\">B. Gizi\u0144ska<\/span><\/td>\n<\/tr>\n<tr>\n<td width=\"54\"><span style=\"color: #000000;\">9.<\/span><\/td>\n<td width=\"104\"><span style=\"color: #000000;\">VIa, VIb<\/span><\/td>\n<td width=\"274\"><span style=\"color: #000000;\">\u201eKonkurs Frazeologiczny\u201d<\/span><\/td>\n<td width=\"182\"><span style=\"color: #000000;\">B. Mrozek<\/span><\/p>\n<p><span style=\"color: #000000;\">A. Bartnicka<\/span><\/td>\n<\/tr>\n<tr>\n<td width=\"54\"><span style=\"color: #000000;\">10.<\/span><\/td>\n<td width=\"104\"><span style=\"color: #000000;\">VIIa, VIIb<\/span><\/td>\n<td width=\"274\"><span style=\"color: #000000;\">\u201eWielcy Polacy, wielcy nobli\u015bci\u201d<\/span><\/td>\n<td width=\"182\"><span style=\"color: #000000;\">B. Zdunek-Jaranowska<\/span><\/td>\n<\/tr>\n<tr>\n<td width=\"54\"><span style=\"color: #000000;\">11.<\/span><\/td>\n<td width=\"104\"><span style=\"color: #000000;\">VIIIa<\/span><\/td>\n<td width=\"274\"><span style=\"color: #000000;\">\u201eNasze spotkania z ksi\u0105\u017ck\u0105\u201d<\/span><\/td>\n<td width=\"182\"><span style=\"color: #000000;\">M. Chyli\u0144ski<\/span><\/td>\n<\/tr>\n<tr>\n<td width=\"54\"><span style=\"color: #000000;\">12.<\/span><\/td>\n<td width=\"104\"><span style=\"color: #000000;\">VIIIc, IIIA, IIIB<\/span><\/td>\n<td width=\"274\"><span style=\"color: #000000;\">\u201eTa ksi\u0105\u017cka jest cool\u201d.<\/span><\/td>\n<td width=\"182\"><span style=\"color: #000000;\">A. Bartnicka<\/span><\/p>\n<p><span style=\"color: #000000;\">B. Mrozek<\/span><\/td>\n<\/tr>\n<\/tbody>\n<\/table>\n<p style=\"text-align: justify;\"><span style=\"color: #000000;\">Nauczyciele biblioteki przygotowali r\u00f3wnie\u017c prelekcj\u0119 dla rodzic\u00f3w na temat wp\u0142ywu czytelnictwa na rozw\u00f3j dzieci i m\u0142odzie\u017cy. Na podstawie analizy wypo\u017cycze\u0144 wszystkich ksi\u0105\u017cek w okresie od IX\u00a0 do XI stwierdzili, \u017ce w por\u00f3wnaniu z tym samym okresem roku ubieg\u0142ego wzros\u0142o czytelnictwo o 73%.<\/span><\/p>\n<p style=\"text-align: justify;\"><span style=\"color: #000000;\">Bibliotekarze przygotowali \u00a0tabelki do sprawozdania, kt\u00f3re przekazali Urz\u0119dowi Miasta i Gminy \u0141asin. Nauczyciele mog\u0105 kontynuowa\u0107 rozpocz\u0119te w I p\u00f3\u0142roczu dzia\u0142ania w ramach swoich projekt\u00f3w.<\/span><\/p>\n<p style=\"text-align: right;\"><span style=\"font-size: 8pt; color: #000000;\"><em>(\u017ar\u00f3d\u0142o:\u00a0 mgr B. Mrozek)<\/em><\/span><\/p>\n","protected":false},"excerpt":{"rendered":"<p>Sprawozdanie z realizacji Narodowego Programu Rozwoju Czytelnictwa w Szkole Podstawowej w \u0141asinie \u00a0 \u00a0\u00a0\u00a0\u00a0\u00a0\u00a0\u00a0 W czerwcu 2018 r. szko\u0142a przyst\u0105pi\u0142a do Narodowego Programu Rozwoju Czytelnictwa, w ramach kt\u00f3rego biblioteka otrzyma\u0142a 15000 z\u0142 na zakup nowych ksi\u0105\u017cek ( 12000z\u0142 + 3000z\u0142 wk\u0142ad w\u0142asny). Bibliotekarze zebrali od uczni\u00f3w propozycje interesuj\u0105cych ich pozycji&hellip;<\/p>\n","protected":false},"author":1,"featured_media":0,"parent":0,"menu_order":0,"comment_status":"closed","ping_status":"closed","template":"","meta":[],"_links":{"self":[{"href":"http:\/\/zsp-lasin.pl\/index.php?rest_route=\/wp\/v2\/pages\/3481"}],"collection":[{"href":"http:\/\/zsp-lasin.pl\/index.php?rest_route=\/wp\/v2\/pages"}],"about":[{"href":"http:\/\/zsp-lasin.pl\/index.php?rest_route=\/wp\/v2\/types\/page"}],"author":[{"embeddable":true,"href":"http:\/\/zsp-lasin.pl\/index.php?rest_route=\/wp\/v2\/users\/1"}],"replies":[{"embeddable":true,"href":"http:\/\/zsp-lasin.pl\/index.php?rest_route=%2Fwp%2Fv2%2Fcomments&post=3481"}],"version-history":[{"count":6,"href":"http:\/\/zsp-lasin.pl\/index.php?rest_route=\/wp\/v2\/pages\/3481\/revisions"}],"predecessor-version":[{"id":3494,"href":"http:\/\/zsp-lasin.pl\/index.php?rest_route=\/wp\/v2\/pages\/3481\/revisions\/3494"}],"wp:attachment":[{"href":"http:\/\/zsp-lasin.pl\/index.php?rest_route=%2Fwp%2Fv2%2Fmedia&parent=3481"}],"curies":[{"name":"wp","href":"https:\/\/api.w.org\/{rel}","templated":true}]}}