{"id":38146,"date":"2026-02-22T15:45:50","date_gmt":"2026-02-22T15:45:50","guid":{"rendered":"https:\/\/zsp-lasin.pl\/?page_id=38146"},"modified":"2026-02-22T15:45:50","modified_gmt":"2026-02-22T15:45:50","slug":"rok-szkolny-2024-2025","status":"publish","type":"page","link":"http:\/\/zsp-lasin.pl\/?page_id=38146","title":{"rendered":"Rok szkolny 2024\/2025"},"content":{"rendered":"<h5 style=\"text-align: center;\"><strong><span style=\"color: #000000;\">MAJ W BIBLIOTECE SZKOLNEJ<\/span><\/strong><\/h5>\n<p style=\"text-align: justify;\"><span style=\"color: #000000;\">W miesi\u0105cu maju biblioteka szkolna podj\u0119\u0142a szereg dzia\u0142a\u0144 promuj\u0105cych czytelnictwo.<\/span><br \/>\n<span style=\"color: #000000;\">1.W ramach Tygodnia bibliotek od 8 do 15 maja zorganizowano gr\u0119 biblioteczn\u0105 dla klas 4-5<\/span><br \/>\n<span style=\"color: #000000;\">pt.\u201d W \u015bwiecie ba\u015bni i legend\u201d.<\/span><br \/>\n<span style=\"color: #000000;\">Oto wyniki:<\/span><br \/>\n<span style=\"color: #000000;\">I m- reprezentacja kl. Va- Zofia Bernaciak, Amelia J\u00f3zwowska, Marcel Za\u0142\u0119ski<\/span><br \/>\n<span style=\"color: #000000;\">II m- reprezentacja kl. IVb- Anna Warachowska, Lucyna Brodzi\u0144ska, Wiktoria Klepczy\u0144ska<\/span><br \/>\n<span style=\"color: #000000;\">III m- reprezentacja kl. Vb- Maja Wegner, Zuzanna Kondracka, Dominik Anio\u0142kowski<\/span><br \/>\n<span style=\"color: #000000;\">IV m- reprezentacja kl. IVa- Julia Belzyt, Micha\u0142 Gory\u0144ski, Jakub Go\u0144czewski.<\/span><\/p>\n<p style=\"text-align: justify;\"><span style=\"color: #000000;\">2.Odby\u0142y si\u0119 r\u00f3wnie\u017c przedstawienia Teatrzyku Kamishibai pt.\u201d Legenda o Smoku Wawelskim\u201d dla klas II i III.<\/span><\/p>\n<p style=\"text-align: justify;\"><span style=\"color: #000000;\">3.Najm\u0142odsi uczniowie naszej szko\u0142y, czyli klasy I- III mia\u0142y mo\u017cliwo\u015b\u0107 zaprezentowania swojej techniki czytania w Konkursie Pi\u0119knego Czytania.<\/span><br \/>\n<span style=\"color: #000000;\">Oto wyniki:<\/span><br \/>\n<span style=\"color: #000000;\">Klasy I: Klasy II: Klasy III:<\/span><br \/>\n<span style=\"color: #000000;\">I m- Derkowska Lena Ib I m- Wi\u0119ckowska Alicja IIb I m- G\u00f3rnecka Weronika IIIc<\/span><br \/>\n<span style=\"color: #000000;\">II m- Kerner Lena Ic Gie\u0142a\u017cyn Aleksander IIa II m- Banacka Marcelina IIIc<\/span><br \/>\n<span style=\"color: #000000;\">III m- Pokora Olga Ib II m- Pankowski Ignacy IIa III m- Miedziejko Tymoteusz IIIa<\/span><br \/>\n<span style=\"color: #000000;\">4.Nasza biblioteka zorganizowa\u0142a te\u017c przedstawienie Teatrzyku Kamishibai pt. \u201e O zaj\u0105czku, kt\u00f3ry nie chcia\u0142 si\u0119 dzieli\u0107\u201d(bajka terapeutyczna).<\/span><br \/>\n<span style=\"color: #000000;\">Po przedstawieniu odby\u0142y si\u0119 zaj\u0119cia plastyczne, na kt\u00f3rych przedszkolaki mia\u0142y mo\u017cliwo\u015b\u0107 wykonania zaj\u0105czka z papierowej d\u0142oni.<\/span><br \/>\n<span style=\"color: #000000;\">Dzi\u0119kujemy wszystkim, kt\u00f3rzy wzi\u0119li udzia\u0142 w naszych dzia\u0142aniach i zapraszamy ponownie.<\/span><\/p>\n<p style=\"text-align: right;\"><span style=\"color: #000000;\"><em><span style=\"font-family: 'times new roman', times, serif; font-size: 10px;\">(\u017ar\u00f3d\u0142o: Nauczyciele biblioteki)<\/span><\/em><\/span><\/p>\n<p>&nbsp;<\/p>\n<p><a href=\"http:\/\/zsp-lasin.pl\/wp-content\/uploads\/2025\/01\/zyczenia.jpg\"><img fetchpriority=\"high\" class=\"aligncenter wp-image-30562\" src=\"http:\/\/zsp-lasin.pl\/wp-content\/uploads\/2025\/01\/zyczenia-269x300.jpg\" alt=\"\" width=\"500\" height=\"558\" srcset=\"http:\/\/zsp-lasin.pl\/wp-content\/uploads\/2025\/01\/zyczenia-269x300.jpg 269w, http:\/\/zsp-lasin.pl\/wp-content\/uploads\/2025\/01\/zyczenia-918x1024.jpg 918w, http:\/\/zsp-lasin.pl\/wp-content\/uploads\/2025\/01\/zyczenia-768x857.jpg 768w, http:\/\/zsp-lasin.pl\/wp-content\/uploads\/2025\/01\/zyczenia-242x270.jpg 242w, http:\/\/zsp-lasin.pl\/wp-content\/uploads\/2025\/01\/zyczenia.jpg 1134w\" sizes=\"(max-width: 500px) 100vw, 500px\" \/><\/a><\/p>\n<p style=\"text-align: left;\"><a href=\"https:\/\/view.genially.com\/673720fce5fadfed49556767\/interactive-content-boze-narodzenie-2024&gt;&gt;&gt;\"><span style=\"color: #0000ff;\"><em><span style=\"font-family: 'times new roman', times, serif; font-size: 10px;\">https:\/\/view.genially.com\/673720fce5fadfed49556767\/interactive-content-boze-narodzenie-2024&gt;&gt;&gt;<\/span><\/em><\/span><\/a><\/p>\n<p style=\"text-align: right;\"><span style=\"color: #000000;\"><em><span style=\"font-family: 'times new roman', times, serif; font-size: 10px;\">(\u017ar\u00f3d\u0142o: Nauczyciele biblioteki)<\/span><\/em><\/span><\/p>\n<p>&nbsp;<\/p>\n<h5 style=\"text-align: center;\"><span style=\"color: #000000;\"><strong>Podsumowanie pa\u017adziernika- Mi\u0119dzynarodowego Miesi\u0105ca Bibliotek Szkolnych<\/strong><\/span><\/h5>\n<p><strong>\u00a0<\/strong><\/p>\n<p><span style=\"color: #000000;\">W pa\u017adzierniku biblioteka szkolna prowadzi\u0142a nast\u0119puj\u0105ce dzia\u0142ania:<\/span><\/p>\n<ol>\n<li><span style=\"color: #000000;\">Og\u0142oszono konkurs plastyczny dla klas I-III na zilustrowanie dowolnej przygody Basi z serii ksi\u0105\u017cek pt. \u201eBasia i \u2026\u201d.<\/span><\/li>\n<li><span style=\"color: #000000;\">Dzie\u0144 G\u0142o\u015bnego Czytania dla klas I-III. Uczniowie wys\u0142uchali (w nawi\u0105zaniu do konkursu) dw\u00f3ch opowie\u015bci o przygodach Basi w wykonaniu pani dyrektor El\u017cbiety Zakierskiej, pani v-ce dyrektor Doroty Ruso\u0144 oraz pani El\u017cbiety Gizi\u0144skiej- Firlit. Odby\u0142o si\u0119 te\u017c wr\u0119czenie nagr\u00f3d zwyci\u0119zcom konkursu plastycznego na zilustrowanie dowolnej przygody Basi.<\/span><\/li>\n<\/ol>\n<p><span style=\"color: #000000;\">Oto nagrodzeni:<\/span><\/p>\n<p><span style=\"color: #000000;\">a). w kategorii klas I: I m \u2013 Aleksander G\u00f3rnecki 1c<\/span><\/p>\n<p><span style=\"color: #000000;\">\u00a0\u00a0\u00a0\u00a0\u00a0\u00a0\u00a0\u00a0\u00a0\u00a0\u00a0\u00a0\u00a0\u00a0\u00a0\u00a0\u00a0\u00a0\u00a0\u00a0\u00a0\u00a0\u00a0\u00a0\u00a0\u00a0\u00a0\u00a0\u00a0\u00a0\u00a0\u00a0\u00a0\u00a0 II m \u2013 Oliwia Cybulska 1b<\/span><\/p>\n<p><span style=\"color: #000000;\">\u00a0\u00a0\u00a0\u00a0\u00a0\u00a0\u00a0\u00a0\u00a0\u00a0\u00a0\u00a0\u00a0\u00a0\u00a0\u00a0\u00a0\u00a0\u00a0\u00a0\u00a0\u00a0\u00a0\u00a0\u00a0\u00a0 \u00a0\u00a0\u00a0\u00a0\u00a0\u00a0\u00a0\u00a0III m \u2013 Alicja Makowska 1c<\/span><\/p>\n<p><span style=\"color: #000000;\">Wyr\u00f3\u017cnienie \u2013 Ma\u0142gorzata Brodzi\u0144ska 1b, Agata Kulczyk 1a<\/span><\/p>\n<p><span style=\"color: #000000;\">b). w kategorii klas II: I m \u2013 Aleksander Gie\u0142a\u017cyn 2a<\/span><\/p>\n<p><span style=\"color: #000000;\">\u00a0\u00a0\u00a0\u00a0\u00a0\u00a0\u00a0\u00a0\u00a0\u00a0\u00a0\u00a0\u00a0\u00a0\u00a0\u00a0\u00a0\u00a0\u00a0\u00a0\u00a0\u00a0\u00a0\u00a0\u00a0\u00a0\u00a0\u00a0\u00a0\u00a0\u00a0\u00a0\u00a0\u00a0\u00a0 II m \u2013 Laura Pilkiewicz 2b<\/span><\/p>\n<p><span style=\"color: #000000;\">\u00a0\u00a0\u00a0\u00a0\u00a0\u00a0\u00a0\u00a0\u00a0\u00a0\u00a0\u00a0\u00a0\u00a0\u00a0\u00a0\u00a0\u00a0\u00a0\u00a0\u00a0\u00a0\u00a0\u00a0 \u00a0\u00a0\u00a0\u00a0\u00a0\u00a0\u00a0\u00a0\u00a0\u00a0\u00a0III m \u2013 Alicja Wi\u0119ckowska 2b<\/span><\/p>\n<p><span style=\"color: #000000;\">\u00a0Wyr\u00f3\u017cnienie \u2013 Jagoda Wo\u017aniak 2a, Marcel Rossa 2c<\/span><\/p>\n<p><span style=\"color: #000000;\">c). w kategorii klas III: I m \u2013 Lena Radzi\u0144ska 3b<\/span><\/p>\n<p><span style=\"color: #000000;\">\u00a0\u00a0\u00a0\u00a0\u00a0\u00a0\u00a0\u00a0\u00a0\u00a0\u00a0\u00a0\u00a0\u00a0\u00a0\u00a0\u00a0\u00a0\u00a0\u00a0\u00a0\u00a0\u00a0\u00a0\u00a0\u00a0\u00a0\u00a0\u00a0\u00a0\u00a0\u00a0\u00a0\u00a0\u00a0\u00a0 II m \u2013 Dominika Gory\u0144ska 3b<\/span><\/p>\n<p><span style=\"color: #000000;\">\u00a0\u00a0\u00a0\u00a0\u00a0\u00a0\u00a0\u00a0\u00a0\u00a0\u00a0\u00a0\u00a0\u00a0\u00a0\u00a0\u00a0\u00a0\u00a0\u00a0\u00a0\u00a0\u00a0\u00a0\u00a0\u00a0\u00a0\u00a0\u00a0 \u00a0\u00a0\u00a0\u00a0\u00a0\u00a0\u00a0III m \u2013 Weronika G\u00f3rnecka 3c<\/span><\/p>\n<p><span style=\"color: #000000;\">Wyr\u00f3\u017cnienie \u2013 Martyna Frysztak 3c, Ryszard Owczarczak 3c \u00a0<\/span><\/p>\n<div class=\"su-image-carousel  su-image-carousel-columns-3 su-image-carousel-has-spacing su-image-carousel-crop su-image-carousel-crop-4-3 su-image-carousel-has-lightbox su-image-carousel-has-outline su-image-carousel-adaptive su-image-carousel-slides-style-minimal su-image-carousel-controls-style-dark su-image-carousel-align-center\" style=\"\" data-flickity-options='{\"groupCells\":true,\"cellSelector\":\".su-image-carousel-item\",\"adaptiveHeight\":false,\"cellAlign\":\"left\",\"prevNextButtons\":true,\"pageDots\":true,\"autoPlay\":5000,\"imagesLoaded\":true,\"contain\":true,\"selectedAttraction\":0.025,\"friction\":0.28}' id=\"su_image_carousel_69e4c7b67a732\"><div class=\"su-image-carousel-item\"><div class=\"su-image-carousel-item-content\"><a href=\"http:\/\/zsp-lasin.pl\/wp-content\/uploads\/2024\/11\/464220946_1048305470426528_8324819768521646623_n.jpg\" data-caption=\"\"><img width=\"640\" height=\"480\" src=\"http:\/\/zsp-lasin.pl\/wp-content\/uploads\/2024\/11\/464220946_1048305470426528_8324819768521646623_n-1024x768.jpg\" class=\"\" alt=\"\" srcset=\"http:\/\/zsp-lasin.pl\/wp-content\/uploads\/2024\/11\/464220946_1048305470426528_8324819768521646623_n-1024x768.jpg 1024w, http:\/\/zsp-lasin.pl\/wp-content\/uploads\/2024\/11\/464220946_1048305470426528_8324819768521646623_n-300x225.jpg 300w, http:\/\/zsp-lasin.pl\/wp-content\/uploads\/2024\/11\/464220946_1048305470426528_8324819768521646623_n-768x576.jpg 768w, http:\/\/zsp-lasin.pl\/wp-content\/uploads\/2024\/11\/464220946_1048305470426528_8324819768521646623_n-1536x1152.jpg 1536w, http:\/\/zsp-lasin.pl\/wp-content\/uploads\/2024\/11\/464220946_1048305470426528_8324819768521646623_n-360x270.jpg 360w, http:\/\/zsp-lasin.pl\/wp-content\/uploads\/2024\/11\/464220946_1048305470426528_8324819768521646623_n.jpg 2048w\" sizes=\"(max-width: 640px) 100vw, 640px\" \/><span><\/span><\/a><\/div><\/div><div class=\"su-image-carousel-item\"><div class=\"su-image-carousel-item-content\"><a href=\"http:\/\/zsp-lasin.pl\/wp-content\/uploads\/2024\/11\/464335795_1048294077094334_980741912478599886_n.jpg\" data-caption=\"\"><img width=\"640\" height=\"480\" src=\"http:\/\/zsp-lasin.pl\/wp-content\/uploads\/2024\/11\/464335795_1048294077094334_980741912478599886_n.jpg\" class=\"\" alt=\"\" srcset=\"http:\/\/zsp-lasin.pl\/wp-content\/uploads\/2024\/11\/464335795_1048294077094334_980741912478599886_n.jpg 960w, http:\/\/zsp-lasin.pl\/wp-content\/uploads\/2024\/11\/464335795_1048294077094334_980741912478599886_n-300x225.jpg 300w, http:\/\/zsp-lasin.pl\/wp-content\/uploads\/2024\/11\/464335795_1048294077094334_980741912478599886_n-768x576.jpg 768w, http:\/\/zsp-lasin.pl\/wp-content\/uploads\/2024\/11\/464335795_1048294077094334_980741912478599886_n-360x270.jpg 360w\" sizes=\"(max-width: 640px) 100vw, 640px\" \/><span><\/span><\/a><\/div><\/div><div class=\"su-image-carousel-item\"><div class=\"su-image-carousel-item-content\"><a href=\"http:\/\/zsp-lasin.pl\/wp-content\/uploads\/2024\/11\/464485836_1048294603760948_3353695028354262982_n.jpg\" data-caption=\"\"><img width=\"640\" height=\"853\" src=\"http:\/\/zsp-lasin.pl\/wp-content\/uploads\/2024\/11\/464485836_1048294603760948_3353695028354262982_n-768x1024.jpg\" class=\"\" alt=\"\" srcset=\"http:\/\/zsp-lasin.pl\/wp-content\/uploads\/2024\/11\/464485836_1048294603760948_3353695028354262982_n-768x1024.jpg 768w, http:\/\/zsp-lasin.pl\/wp-content\/uploads\/2024\/11\/464485836_1048294603760948_3353695028354262982_n-225x300.jpg 225w, http:\/\/zsp-lasin.pl\/wp-content\/uploads\/2024\/11\/464485836_1048294603760948_3353695028354262982_n-1152x1536.jpg 1152w, http:\/\/zsp-lasin.pl\/wp-content\/uploads\/2024\/11\/464485836_1048294603760948_3353695028354262982_n-203x270.jpg 203w, http:\/\/zsp-lasin.pl\/wp-content\/uploads\/2024\/11\/464485836_1048294603760948_3353695028354262982_n.jpg 1536w\" sizes=\"(max-width: 640px) 100vw, 640px\" \/><span><\/span><\/a><\/div><\/div><div class=\"su-image-carousel-item\"><div class=\"su-image-carousel-item-content\"><a href=\"http:\/\/zsp-lasin.pl\/wp-content\/uploads\/2024\/11\/464579189_1048304950426580_3263064190457464056_n.jpg\" data-caption=\"\"><img width=\"640\" height=\"480\" src=\"http:\/\/zsp-lasin.pl\/wp-content\/uploads\/2024\/11\/464579189_1048304950426580_3263064190457464056_n-1024x768.jpg\" class=\"\" alt=\"\" srcset=\"http:\/\/zsp-lasin.pl\/wp-content\/uploads\/2024\/11\/464579189_1048304950426580_3263064190457464056_n-1024x768.jpg 1024w, http:\/\/zsp-lasin.pl\/wp-content\/uploads\/2024\/11\/464579189_1048304950426580_3263064190457464056_n-300x225.jpg 300w, http:\/\/zsp-lasin.pl\/wp-content\/uploads\/2024\/11\/464579189_1048304950426580_3263064190457464056_n-768x576.jpg 768w, http:\/\/zsp-lasin.pl\/wp-content\/uploads\/2024\/11\/464579189_1048304950426580_3263064190457464056_n-1536x1152.jpg 1536w, http:\/\/zsp-lasin.pl\/wp-content\/uploads\/2024\/11\/464579189_1048304950426580_3263064190457464056_n-360x270.jpg 360w, http:\/\/zsp-lasin.pl\/wp-content\/uploads\/2024\/11\/464579189_1048304950426580_3263064190457464056_n.jpg 2048w\" sizes=\"(max-width: 640px) 100vw, 640px\" \/><span><\/span><\/a><\/div><\/div><\/div><script id=\"su_image_carousel_69e4c7b67a732_script\">if(window.SUImageCarousel){setTimeout(function() {window.SUImageCarousel.initGallery(document.getElementById(\"su_image_carousel_69e4c7b67a732\"))}, 0);}var su_image_carousel_69e4c7b67a732_script=document.getElementById(\"su_image_carousel_69e4c7b67a732_script\");if(su_image_carousel_69e4c7b67a732_script){su_image_carousel_69e4c7b67a732_script.parentNode.removeChild(su_image_carousel_69e4c7b67a732_script);}<\/script>\n<ol start=\"3\">\n<li><span style=\"color: #000000;\">Konkurs fotograficzny dla uczni\u00f3w klas VII-VIII \u201e\u017bywe ok\u0142adki\u201d, w kt\u00f3rym zadaniem by\u0142o stworzenie zdj\u0119cia na\u015bladuj\u0105cego rzeczywist\u0105 ok\u0142adk\u0119 ksi\u0105\u017cki.<\/span><\/li>\n<\/ol>\n<p><span style=\"color: #000000;\">Oto nagrodzeni:<\/span><\/p>\n<p><span style=\"color: #000000;\">I m \u2013 Nikola Zieli\u0144ska 8a<\/span><\/p>\n<p><span style=\"color: #000000;\">II m \u2013 Amelia Pajor 7a<\/span><\/p>\n<p><span style=\"color: #000000;\">III m \u2013 Agata Czarnik 7a<\/span><span style=\"color: #000000;\">\u00a0 \u00a0 \u00a0 \u00a0 \u00a0 \u00a0 \u00a0\u00a0<\/span><\/p>\n<div class=\"su-image-carousel  su-image-carousel-columns-3 su-image-carousel-has-spacing su-image-carousel-crop su-image-carousel-crop-4-3 su-image-carousel-has-lightbox su-image-carousel-has-outline su-image-carousel-adaptive su-image-carousel-slides-style-minimal su-image-carousel-controls-style-dark su-image-carousel-align-center\" style=\"\" data-flickity-options='{\"groupCells\":true,\"cellSelector\":\".su-image-carousel-item\",\"adaptiveHeight\":false,\"cellAlign\":\"left\",\"prevNextButtons\":true,\"pageDots\":true,\"autoPlay\":5000,\"imagesLoaded\":true,\"contain\":true,\"selectedAttraction\":0.025,\"friction\":0.28}' id=\"su_image_carousel_69e4c7b67b2b6\"><div class=\"su-image-carousel-item\"><div class=\"su-image-carousel-item-content\"><a href=\"http:\/\/zsp-lasin.pl\/wp-content\/uploads\/2024\/11\/1.jpg\" data-caption=\"\"><img width=\"460\" height=\"566\" src=\"http:\/\/zsp-lasin.pl\/wp-content\/uploads\/2024\/11\/1.jpg\" class=\"\" alt=\"\" srcset=\"http:\/\/zsp-lasin.pl\/wp-content\/uploads\/2024\/11\/1.jpg 460w, http:\/\/zsp-lasin.pl\/wp-content\/uploads\/2024\/11\/1-244x300.jpg 244w, http:\/\/zsp-lasin.pl\/wp-content\/uploads\/2024\/11\/1-219x270.jpg 219w\" sizes=\"(max-width: 460px) 100vw, 460px\" \/><span><\/span><\/a><\/div><\/div><div class=\"su-image-carousel-item\"><div class=\"su-image-carousel-item-content\"><a href=\"http:\/\/zsp-lasin.pl\/wp-content\/uploads\/2024\/11\/Bez-tytulu.jpg\" data-caption=\"\"><img width=\"423\" height=\"569\" src=\"http:\/\/zsp-lasin.pl\/wp-content\/uploads\/2024\/11\/Bez-tytulu.jpg\" class=\"\" alt=\"\" srcset=\"http:\/\/zsp-lasin.pl\/wp-content\/uploads\/2024\/11\/Bez-tytulu.jpg 423w, http:\/\/zsp-lasin.pl\/wp-content\/uploads\/2024\/11\/Bez-tytulu-223x300.jpg 223w, http:\/\/zsp-lasin.pl\/wp-content\/uploads\/2024\/11\/Bez-tytulu-201x270.jpg 201w\" sizes=\"(max-width: 423px) 100vw, 423px\" \/><span><\/span><\/a><\/div><\/div><div class=\"su-image-carousel-item\"><div class=\"su-image-carousel-item-content\"><a href=\"http:\/\/zsp-lasin.pl\/wp-content\/uploads\/2024\/11\/1-1.jpg\" data-caption=\"\"><img width=\"460\" height=\"566\" src=\"http:\/\/zsp-lasin.pl\/wp-content\/uploads\/2024\/11\/1-1.jpg\" class=\"\" alt=\"\" srcset=\"http:\/\/zsp-lasin.pl\/wp-content\/uploads\/2024\/11\/1-1.jpg 460w, http:\/\/zsp-lasin.pl\/wp-content\/uploads\/2024\/11\/1-1-244x300.jpg 244w, http:\/\/zsp-lasin.pl\/wp-content\/uploads\/2024\/11\/1-1-219x270.jpg 219w\" sizes=\"(max-width: 460px) 100vw, 460px\" \/><span><\/span><\/a><\/div><\/div><\/div><script id=\"su_image_carousel_69e4c7b67b2b6_script\">if(window.SUImageCarousel){setTimeout(function() {window.SUImageCarousel.initGallery(document.getElementById(\"su_image_carousel_69e4c7b67b2b6\"))}, 0);}var su_image_carousel_69e4c7b67b2b6_script=document.getElementById(\"su_image_carousel_69e4c7b67b2b6_script\");if(su_image_carousel_69e4c7b67b2b6_script){su_image_carousel_69e4c7b67b2b6_script.parentNode.removeChild(su_image_carousel_69e4c7b67b2b6_script);}<\/script>\n<ol start=\"4\">\n<li><span style=\"color: #000000;\">Dodatkowo odby\u0142o si\u0119 spotkanie uczni\u00f3w klas III-IV z wielokrotnie nagradzan\u0105 autork\u0105 ksi\u0105\u017cek dla dzieci i m\u0142odzie\u017cy \u2013 pani\u0105 Kasi\u0105 Keller.<\/span><\/li>\n<\/ol>\n<p><span style=\"color: #000000;\">Temat spotkania to- Po prostu b\u0105d\u017a sob\u0105. Pani Kasia wraz z bohaterami swoich ksi\u0105\u017cek odpowiada\u0142a na pytania:<\/span><\/p>\n<p><span style=\"color: #000000;\">Jak polubi\u0107 siebie? Jak si\u0119ga\u0107 po marzenia i pasje?<\/span><\/p>\n<p><span style=\"color: #000000;\">Jak radzi\u0107 sobie z brakiem akceptacji?<\/span><\/p>\n<p><span style=\"color: #000000;\">Jak dba\u0107 o przyja\u017a\u0144?<\/span><\/p>\n<div class=\"su-image-carousel  su-image-carousel-columns-3 su-image-carousel-has-spacing su-image-carousel-crop su-image-carousel-crop-4-3 su-image-carousel-has-lightbox su-image-carousel-has-outline su-image-carousel-adaptive su-image-carousel-slides-style-minimal su-image-carousel-controls-style-dark su-image-carousel-align-center\" style=\"\" data-flickity-options='{\"groupCells\":true,\"cellSelector\":\".su-image-carousel-item\",\"adaptiveHeight\":false,\"cellAlign\":\"left\",\"prevNextButtons\":true,\"pageDots\":true,\"autoPlay\":5000,\"imagesLoaded\":true,\"contain\":true,\"selectedAttraction\":0.025,\"friction\":0.28}' id=\"su_image_carousel_69e4c7b67bfda\"><div class=\"su-image-carousel-item\"><div class=\"su-image-carousel-item-content\"><a href=\"http:\/\/zsp-lasin.pl\/wp-content\/uploads\/2024\/11\/465902692_1061781572412251_8329987155849675435_n-1.jpg\" data-caption=\"\"><img width=\"640\" height=\"853\" src=\"http:\/\/zsp-lasin.pl\/wp-content\/uploads\/2024\/11\/465902692_1061781572412251_8329987155849675435_n-1-768x1024.jpg\" class=\"\" alt=\"\" srcset=\"http:\/\/zsp-lasin.pl\/wp-content\/uploads\/2024\/11\/465902692_1061781572412251_8329987155849675435_n-1-768x1024.jpg 768w, http:\/\/zsp-lasin.pl\/wp-content\/uploads\/2024\/11\/465902692_1061781572412251_8329987155849675435_n-1-225x300.jpg 225w, http:\/\/zsp-lasin.pl\/wp-content\/uploads\/2024\/11\/465902692_1061781572412251_8329987155849675435_n-1-1152x1536.jpg 1152w, http:\/\/zsp-lasin.pl\/wp-content\/uploads\/2024\/11\/465902692_1061781572412251_8329987155849675435_n-1-203x270.jpg 203w, http:\/\/zsp-lasin.pl\/wp-content\/uploads\/2024\/11\/465902692_1061781572412251_8329987155849675435_n-1.jpg 1536w\" sizes=\"(max-width: 640px) 100vw, 640px\" \/><span><\/span><\/a><\/div><\/div><div class=\"su-image-carousel-item\"><div class=\"su-image-carousel-item-content\"><a href=\"http:\/\/zsp-lasin.pl\/wp-content\/uploads\/2024\/11\/466144066_1061782552412153_2738993734976693193_n-1.jpg\" data-caption=\"\"><img width=\"640\" height=\"480\" src=\"http:\/\/zsp-lasin.pl\/wp-content\/uploads\/2024\/11\/466144066_1061782552412153_2738993734976693193_n-1-1024x768.jpg\" class=\"\" alt=\"\" srcset=\"http:\/\/zsp-lasin.pl\/wp-content\/uploads\/2024\/11\/466144066_1061782552412153_2738993734976693193_n-1-1024x768.jpg 1024w, http:\/\/zsp-lasin.pl\/wp-content\/uploads\/2024\/11\/466144066_1061782552412153_2738993734976693193_n-1-300x225.jpg 300w, http:\/\/zsp-lasin.pl\/wp-content\/uploads\/2024\/11\/466144066_1061782552412153_2738993734976693193_n-1-768x576.jpg 768w, http:\/\/zsp-lasin.pl\/wp-content\/uploads\/2024\/11\/466144066_1061782552412153_2738993734976693193_n-1-1536x1152.jpg 1536w, http:\/\/zsp-lasin.pl\/wp-content\/uploads\/2024\/11\/466144066_1061782552412153_2738993734976693193_n-1-360x270.jpg 360w, http:\/\/zsp-lasin.pl\/wp-content\/uploads\/2024\/11\/466144066_1061782552412153_2738993734976693193_n-1.jpg 2048w\" sizes=\"(max-width: 640px) 100vw, 640px\" \/><span><\/span><\/a><\/div><\/div><div class=\"su-image-carousel-item\"><div class=\"su-image-carousel-item-content\"><a href=\"http:\/\/zsp-lasin.pl\/wp-content\/uploads\/2024\/11\/466406487_1061782342412174_1352189768329191847_n-1.jpg\" data-caption=\"\"><img width=\"640\" height=\"480\" src=\"http:\/\/zsp-lasin.pl\/wp-content\/uploads\/2024\/11\/466406487_1061782342412174_1352189768329191847_n-1-1024x768.jpg\" class=\"\" alt=\"\" srcset=\"http:\/\/zsp-lasin.pl\/wp-content\/uploads\/2024\/11\/466406487_1061782342412174_1352189768329191847_n-1-1024x768.jpg 1024w, http:\/\/zsp-lasin.pl\/wp-content\/uploads\/2024\/11\/466406487_1061782342412174_1352189768329191847_n-1-300x225.jpg 300w, http:\/\/zsp-lasin.pl\/wp-content\/uploads\/2024\/11\/466406487_1061782342412174_1352189768329191847_n-1-768x576.jpg 768w, http:\/\/zsp-lasin.pl\/wp-content\/uploads\/2024\/11\/466406487_1061782342412174_1352189768329191847_n-1-1536x1152.jpg 1536w, http:\/\/zsp-lasin.pl\/wp-content\/uploads\/2024\/11\/466406487_1061782342412174_1352189768329191847_n-1-360x270.jpg 360w, http:\/\/zsp-lasin.pl\/wp-content\/uploads\/2024\/11\/466406487_1061782342412174_1352189768329191847_n-1.jpg 2048w\" sizes=\"(max-width: 640px) 100vw, 640px\" \/><span><\/span><\/a><\/div><\/div><div class=\"su-image-carousel-item\"><div class=\"su-image-carousel-item-content\"><a href=\"http:\/\/zsp-lasin.pl\/wp-content\/uploads\/2024\/11\/466568734_1061782509078824_8996705954295308069_n-1.jpg\" data-caption=\"\"><img width=\"640\" height=\"480\" src=\"http:\/\/zsp-lasin.pl\/wp-content\/uploads\/2024\/11\/466568734_1061782509078824_8996705954295308069_n-1-1024x768.jpg\" class=\"\" alt=\"\" srcset=\"http:\/\/zsp-lasin.pl\/wp-content\/uploads\/2024\/11\/466568734_1061782509078824_8996705954295308069_n-1-1024x768.jpg 1024w, http:\/\/zsp-lasin.pl\/wp-content\/uploads\/2024\/11\/466568734_1061782509078824_8996705954295308069_n-1-300x225.jpg 300w, http:\/\/zsp-lasin.pl\/wp-content\/uploads\/2024\/11\/466568734_1061782509078824_8996705954295308069_n-1-768x576.jpg 768w, http:\/\/zsp-lasin.pl\/wp-content\/uploads\/2024\/11\/466568734_1061782509078824_8996705954295308069_n-1-1536x1152.jpg 1536w, http:\/\/zsp-lasin.pl\/wp-content\/uploads\/2024\/11\/466568734_1061782509078824_8996705954295308069_n-1-360x270.jpg 360w, http:\/\/zsp-lasin.pl\/wp-content\/uploads\/2024\/11\/466568734_1061782509078824_8996705954295308069_n-1.jpg 2048w\" sizes=\"(max-width: 640px) 100vw, 640px\" \/><span><\/span><\/a><\/div><\/div><div class=\"su-image-carousel-item\"><div class=\"su-image-carousel-item-content\"><a href=\"http:\/\/zsp-lasin.pl\/wp-content\/uploads\/2024\/11\/466591525_1061782279078847_4917132013185759817_n-1.jpg\" data-caption=\"\"><img width=\"640\" height=\"480\" src=\"http:\/\/zsp-lasin.pl\/wp-content\/uploads\/2024\/11\/466591525_1061782279078847_4917132013185759817_n-1-1024x768.jpg\" class=\"\" alt=\"\" srcset=\"http:\/\/zsp-lasin.pl\/wp-content\/uploads\/2024\/11\/466591525_1061782279078847_4917132013185759817_n-1-1024x768.jpg 1024w, http:\/\/zsp-lasin.pl\/wp-content\/uploads\/2024\/11\/466591525_1061782279078847_4917132013185759817_n-1-300x225.jpg 300w, http:\/\/zsp-lasin.pl\/wp-content\/uploads\/2024\/11\/466591525_1061782279078847_4917132013185759817_n-1-768x576.jpg 768w, http:\/\/zsp-lasin.pl\/wp-content\/uploads\/2024\/11\/466591525_1061782279078847_4917132013185759817_n-1-1536x1152.jpg 1536w, http:\/\/zsp-lasin.pl\/wp-content\/uploads\/2024\/11\/466591525_1061782279078847_4917132013185759817_n-1-360x270.jpg 360w, http:\/\/zsp-lasin.pl\/wp-content\/uploads\/2024\/11\/466591525_1061782279078847_4917132013185759817_n-1.jpg 2048w\" sizes=\"(max-width: 640px) 100vw, 640px\" \/><span><\/span><\/a><\/div><\/div><\/div><script id=\"su_image_carousel_69e4c7b67bfda_script\">if(window.SUImageCarousel){setTimeout(function() {window.SUImageCarousel.initGallery(document.getElementById(\"su_image_carousel_69e4c7b67bfda\"))}, 0);}var su_image_carousel_69e4c7b67bfda_script=document.getElementById(\"su_image_carousel_69e4c7b67bfda_script\");if(su_image_carousel_69e4c7b67bfda_script){su_image_carousel_69e4c7b67bfda_script.parentNode.removeChild(su_image_carousel_69e4c7b67bfda_script);}<\/script>\n<p style=\"text-align: right;\"><span style=\"color: #000000;\"><em><span style=\"font-family: 'times new roman', times, serif; font-size: 10px;\">(\u017ar\u00f3d\u0142o: B. Mrozek)<\/span><\/em><\/span><\/p>\n<p>&nbsp;<\/p>\n","protected":false},"excerpt":{"rendered":"<p>MAJ W BIBLIOTECE SZKOLNEJ W miesi\u0105cu maju biblioteka szkolna podj\u0119\u0142a szereg dzia\u0142a\u0144 promuj\u0105cych czytelnictwo. 1.W ramach Tygodnia bibliotek od 8 do 15 maja zorganizowano gr\u0119 biblioteczn\u0105 dla klas 4-5 pt.\u201d W \u015bwiecie ba\u015bni i legend\u201d. Oto wyniki: I m- reprezentacja kl. Va- Zofia Bernaciak, Amelia J\u00f3zwowska, Marcel Za\u0142\u0119ski II m-&hellip;<\/p>\n","protected":false},"author":1,"featured_media":0,"parent":2285,"menu_order":0,"comment_status":"closed","ping_status":"closed","template":"","meta":[],"_links":{"self":[{"href":"http:\/\/zsp-lasin.pl\/index.php?rest_route=\/wp\/v2\/pages\/38146"}],"collection":[{"href":"http:\/\/zsp-lasin.pl\/index.php?rest_route=\/wp\/v2\/pages"}],"about":[{"href":"http:\/\/zsp-lasin.pl\/index.php?rest_route=\/wp\/v2\/types\/page"}],"author":[{"embeddable":true,"href":"http:\/\/zsp-lasin.pl\/index.php?rest_route=\/wp\/v2\/users\/1"}],"replies":[{"embeddable":true,"href":"http:\/\/zsp-lasin.pl\/index.php?rest_route=%2Fwp%2Fv2%2Fcomments&post=38146"}],"version-history":[{"count":1,"href":"http:\/\/zsp-lasin.pl\/index.php?rest_route=\/wp\/v2\/pages\/38146\/revisions"}],"predecessor-version":[{"id":38147,"href":"http:\/\/zsp-lasin.pl\/index.php?rest_route=\/wp\/v2\/pages\/38146\/revisions\/38147"}],"up":[{"embeddable":true,"href":"http:\/\/zsp-lasin.pl\/index.php?rest_route=\/wp\/v2\/pages\/2285"}],"wp:attachment":[{"href":"http:\/\/zsp-lasin.pl\/index.php?rest_route=%2Fwp%2Fv2%2Fmedia&parent=38146"}],"curies":[{"name":"wp","href":"https:\/\/api.w.org\/{rel}","templated":true}]}}