{"id":3820,"date":"2019-02-17T18:02:08","date_gmt":"2019-02-17T18:02:08","guid":{"rendered":"http:\/\/zsp-lasin.pl\/?page_id=3820"},"modified":"2019-02-17T18:31:11","modified_gmt":"2019-02-17T18:31:11","slug":"sekcje-w-bibliotece","status":"publish","type":"page","link":"http:\/\/zsp-lasin.pl\/?page_id=3820","title":{"rendered":"Sekcje w bibliotece"},"content":{"rendered":"<p style=\"text-align: center;\"><strong><span style=\"font-size: 12pt;\">Sekcja dy\u017curnych:<\/span><\/strong><\/p>\n<p style=\"text-align: center;\"><span style=\"color: #000000; font-size: 12pt;\">Joanna B\u00f3j<\/span><br \/>\n<span style=\"color: #000000; font-size: 12pt;\">Oliwia Stankiewicz<\/span><br \/>\n<span style=\"color: #000000; font-size: 12pt;\">Aleksandra Herzberg<\/span><br \/>\n<span style=\"color: #000000; font-size: 12pt;\">Irmina Falkowska<\/span><\/p>\n<p style=\"text-align: center;\"><strong><span style=\"font-size: 12pt;\">Sekcja \u0142\u0105cznik\u00f3w:<\/span><\/strong><\/p>\n<p style=\"text-align: center;\"><span style=\"font-size: 12pt;\">Nadia Ryba, Oliwia Kowalska,<\/span><br \/>\n<span style=\"font-size: 12pt;\">Nikola Zieli\u0144ska, Emilia Krzemi\u0144ska,<\/span><br \/>\n<span style=\"font-size: 12pt;\">Aniela Pawlikowska, Kacper Kostrubiec,<\/span><br \/>\n<span style=\"font-size: 12pt;\">Maria Kara\u015b, Piotr Pankowski,<\/span><br \/>\n<span style=\"font-size: 12pt;\">Magda Zieli\u0144ska, Ksawery Kleczkowski,<\/span><br \/>\n<span style=\"font-size: 12pt;\">Agata Kilian, Weronika Olech,<\/span><br \/>\n<span style=\"font-size: 12pt;\">Rados\u0142aw Dorawa, Justyna G\u00f3rnecka,<\/span><br \/>\n<span style=\"font-size: 12pt;\">Mateusz Chrzanowski, Julia Jeli\u0144ska,<\/span><br \/>\n<span style=\"font-size: 12pt;\">Natalia Czarnik,\u00a0<\/span><span style=\"font-size: 12pt;\">Karolina Kruszewska,<\/span><br \/>\n<span style=\"font-size: 12pt;\">Amelia Krzemi\u0144ska,\u00a0<\/span><span style=\"font-size: 12pt;\">Joanna B\u00f3j,<\/span><br \/>\n<span style=\"font-size: 12pt;\">Miko\u0142aj Wichert,\u00a0<\/span><span style=\"font-size: 12pt;\">Oliwia Brzozowska,<\/span><\/p>\n<p>&nbsp;<\/p>\n","protected":false},"excerpt":{"rendered":"<p>Sekcja dy\u017curnych: Joanna B\u00f3j Oliwia Stankiewicz Aleksandra Herzberg Irmina Falkowska Sekcja \u0142\u0105cznik\u00f3w: Nadia Ryba, Oliwia Kowalska, Nikola Zieli\u0144ska, Emilia Krzemi\u0144ska, Aniela Pawlikowska, Kacper Kostrubiec, Maria Kara\u015b, Piotr Pankowski, Magda Zieli\u0144ska, Ksawery Kleczkowski, Agata Kilian, Weronika Olech, Rados\u0142aw Dorawa, Justyna G\u00f3rnecka, Mateusz Chrzanowski, Julia Jeli\u0144ska, Natalia Czarnik,\u00a0Karolina Kruszewska, Amelia Krzemi\u0144ska,\u00a0Joanna B\u00f3j,&hellip;<\/p>\n","protected":false},"author":1,"featured_media":0,"parent":0,"menu_order":0,"comment_status":"closed","ping_status":"closed","template":"","meta":[],"_links":{"self":[{"href":"http:\/\/zsp-lasin.pl\/index.php?rest_route=\/wp\/v2\/pages\/3820"}],"collection":[{"href":"http:\/\/zsp-lasin.pl\/index.php?rest_route=\/wp\/v2\/pages"}],"about":[{"href":"http:\/\/zsp-lasin.pl\/index.php?rest_route=\/wp\/v2\/types\/page"}],"author":[{"embeddable":true,"href":"http:\/\/zsp-lasin.pl\/index.php?rest_route=\/wp\/v2\/users\/1"}],"replies":[{"embeddable":true,"href":"http:\/\/zsp-lasin.pl\/index.php?rest_route=%2Fwp%2Fv2%2Fcomments&post=3820"}],"version-history":[{"count":4,"href":"http:\/\/zsp-lasin.pl\/index.php?rest_route=\/wp\/v2\/pages\/3820\/revisions"}],"predecessor-version":[{"id":3833,"href":"http:\/\/zsp-lasin.pl\/index.php?rest_route=\/wp\/v2\/pages\/3820\/revisions\/3833"}],"wp:attachment":[{"href":"http:\/\/zsp-lasin.pl\/index.php?rest_route=%2Fwp%2Fv2%2Fmedia&parent=3820"}],"curies":[{"name":"wp","href":"https:\/\/api.w.org\/{rel}","templated":true}]}}