{"id":4219,"date":"2019-03-16T20:30:23","date_gmt":"2019-03-16T20:30:23","guid":{"rendered":"http:\/\/zsp-lasin.pl\/?page_id=4219"},"modified":"2025-06-27T05:07:03","modified_gmt":"2025-06-27T05:07:03","slug":"wyprawka","status":"publish","type":"page","link":"http:\/\/zsp-lasin.pl\/?page_id=4219","title":{"rendered":"Wyprawka dla pierwszoklasisty"},"content":{"rendered":"<p>&nbsp;<\/p>\n<p><a href=\"http:\/\/zsp-lasin.pl\/wp-content\/uploads\/2025\/06\/wyp.jpg\"><img fetchpriority=\"high\" class=\"aligncenter wp-image-33927\" src=\"http:\/\/zsp-lasin.pl\/wp-content\/uploads\/2025\/06\/wyp-212x300.jpg\" alt=\"\" width=\"500\" height=\"707\" srcset=\"http:\/\/zsp-lasin.pl\/wp-content\/uploads\/2025\/06\/wyp-212x300.jpg 212w, http:\/\/zsp-lasin.pl\/wp-content\/uploads\/2025\/06\/wyp-724x1024.jpg 724w, http:\/\/zsp-lasin.pl\/wp-content\/uploads\/2025\/06\/wyp-768x1086.jpg 768w, http:\/\/zsp-lasin.pl\/wp-content\/uploads\/2025\/06\/wyp-1086x1536.jpg 1086w, http:\/\/zsp-lasin.pl\/wp-content\/uploads\/2025\/06\/wyp-191x270.jpg 191w, http:\/\/zsp-lasin.pl\/wp-content\/uploads\/2025\/06\/wyp.jpg 1131w\" sizes=\"(max-width: 500px) 100vw, 500px\" \/><\/a><\/p>\n<p>&nbsp;<\/p>\n<p style=\"text-align: right;\"><span style=\"color: #000000;\"><em><span style=\"font-family: 'times new roman', times, serif; font-size: 10px;\">(\u017ar\u00f3d\u0142o: SP \u0141asin)<\/span><\/em><\/span><\/p>\n","protected":false},"excerpt":{"rendered":"<p>&nbsp; &nbsp; (\u017ar\u00f3d\u0142o: SP \u0141asin)<\/p>\n","protected":false},"author":1,"featured_media":0,"parent":0,"menu_order":0,"comment_status":"closed","ping_status":"closed","template":"","meta":[],"_links":{"self":[{"href":"http:\/\/zsp-lasin.pl\/index.php?rest_route=\/wp\/v2\/pages\/4219"}],"collection":[{"href":"http:\/\/zsp-lasin.pl\/index.php?rest_route=\/wp\/v2\/pages"}],"about":[{"href":"http:\/\/zsp-lasin.pl\/index.php?rest_route=\/wp\/v2\/types\/page"}],"author":[{"embeddable":true,"href":"http:\/\/zsp-lasin.pl\/index.php?rest_route=\/wp\/v2\/users\/1"}],"replies":[{"embeddable":true,"href":"http:\/\/zsp-lasin.pl\/index.php?rest_route=%2Fwp%2Fv2%2Fcomments&post=4219"}],"version-history":[{"count":13,"href":"http:\/\/zsp-lasin.pl\/index.php?rest_route=\/wp\/v2\/pages\/4219\/revisions"}],"predecessor-version":[{"id":33928,"href":"http:\/\/zsp-lasin.pl\/index.php?rest_route=\/wp\/v2\/pages\/4219\/revisions\/33928"}],"wp:attachment":[{"href":"http:\/\/zsp-lasin.pl\/index.php?rest_route=%2Fwp%2Fv2%2Fmedia&parent=4219"}],"curies":[{"name":"wp","href":"https:\/\/api.w.org\/{rel}","templated":true}]}}