{"id":5679,"date":"2019-09-12T17:43:57","date_gmt":"2019-09-12T17:43:57","guid":{"rendered":"http:\/\/zsp-lasin.pl\/?page_id=5679"},"modified":"2025-09-04T14:25:59","modified_gmt":"2025-09-04T14:25:59","slug":"opieka-medyczna","status":"publish","type":"page","link":"http:\/\/zsp-lasin.pl\/?page_id=5679","title":{"rendered":"Opieka medyczna"},"content":{"rendered":"<h3 style=\"text-align: center;\"><\/h3>\n<p><a href=\"http:\/\/zsp-lasin.pl\/wp-content\/uploads\/2025\/09\/542757879_1281646230425783_6235094998505165020_n.jpg\"><img fetchpriority=\"high\" class=\"aligncenter wp-image-34490\" src=\"http:\/\/zsp-lasin.pl\/wp-content\/uploads\/2025\/09\/542757879_1281646230425783_6235094998505165020_n-240x300.jpg\" alt=\"\" width=\"500\" height=\"625\" srcset=\"http:\/\/zsp-lasin.pl\/wp-content\/uploads\/2025\/09\/542757879_1281646230425783_6235094998505165020_n-240x300.jpg 240w, http:\/\/zsp-lasin.pl\/wp-content\/uploads\/2025\/09\/542757879_1281646230425783_6235094998505165020_n-819x1024.jpg 819w, http:\/\/zsp-lasin.pl\/wp-content\/uploads\/2025\/09\/542757879_1281646230425783_6235094998505165020_n-768x960.jpg 768w, http:\/\/zsp-lasin.pl\/wp-content\/uploads\/2025\/09\/542757879_1281646230425783_6235094998505165020_n-216x270.jpg 216w, http:\/\/zsp-lasin.pl\/wp-content\/uploads\/2025\/09\/542757879_1281646230425783_6235094998505165020_n.jpg 1080w\" sizes=\"(max-width: 500px) 100vw, 500px\" \/><\/a><\/p>\n<p style=\"text-align: right;\"><span style=\"color: #000000;\"><em><span style=\"font-family: 'times new roman', times, serif; font-size: 10px;\">(\u017ar\u00f3d\u0142o: SP \u0141asin)<\/span><\/em><\/span><\/p>\n","protected":false},"excerpt":{"rendered":"<p>(\u017ar\u00f3d\u0142o: SP \u0141asin)<\/p>\n","protected":false},"author":1,"featured_media":0,"parent":0,"menu_order":0,"comment_status":"closed","ping_status":"closed","template":"","meta":[],"_links":{"self":[{"href":"http:\/\/zsp-lasin.pl\/index.php?rest_route=\/wp\/v2\/pages\/5679"}],"collection":[{"href":"http:\/\/zsp-lasin.pl\/index.php?rest_route=\/wp\/v2\/pages"}],"about":[{"href":"http:\/\/zsp-lasin.pl\/index.php?rest_route=\/wp\/v2\/types\/page"}],"author":[{"embeddable":true,"href":"http:\/\/zsp-lasin.pl\/index.php?rest_route=\/wp\/v2\/users\/1"}],"replies":[{"embeddable":true,"href":"http:\/\/zsp-lasin.pl\/index.php?rest_route=%2Fwp%2Fv2%2Fcomments&post=5679"}],"version-history":[{"count":8,"href":"http:\/\/zsp-lasin.pl\/index.php?rest_route=\/wp\/v2\/pages\/5679\/revisions"}],"predecessor-version":[{"id":34491,"href":"http:\/\/zsp-lasin.pl\/index.php?rest_route=\/wp\/v2\/pages\/5679\/revisions\/34491"}],"wp:attachment":[{"href":"http:\/\/zsp-lasin.pl\/index.php?rest_route=%2Fwp%2Fv2%2Fmedia&parent=5679"}],"curies":[{"name":"wp","href":"https:\/\/api.w.org\/{rel}","templated":true}]}}