{"id":7715,"date":"2020-02-25T15:50:38","date_gmt":"2020-02-25T15:50:38","guid":{"rendered":"http:\/\/zsp-lasin.pl\/?page_id=7715"},"modified":"2020-02-25T15:56:50","modified_gmt":"2020-02-25T15:56:50","slug":"program-dla-szkol","status":"publish","type":"page","link":"http:\/\/zsp-lasin.pl\/?page_id=7715","title":{"rendered":"&#8222;Program dla szk\u00f3\u0142&#8221;"},"content":{"rendered":"<p><img fetchpriority=\"high\" class=\"aligncenter wp-image-7712\" src=\"http:\/\/zsp-lasin.pl\/wp-content\/uploads\/2020\/02\/stopka_pds.png\" alt=\"\" width=\"1145\" height=\"178\" srcset=\"http:\/\/zsp-lasin.pl\/wp-content\/uploads\/2020\/02\/stopka_pds.png 909w, http:\/\/zsp-lasin.pl\/wp-content\/uploads\/2020\/02\/stopka_pds-300x47.png 300w, http:\/\/zsp-lasin.pl\/wp-content\/uploads\/2020\/02\/stopka_pds-768x119.png 768w, http:\/\/zsp-lasin.pl\/wp-content\/uploads\/2020\/02\/stopka_pds-360x56.png 360w\" sizes=\"(max-width: 1145px) 100vw, 1145px\" \/><\/p>\n<p><span style=\"font-size: 12pt; color: #000000;\">Nasza szko\u0142a uczestniczy w obecnym roku szkolnym w unijnym &#8222;Programie dla szk\u00f3\u0142&#8221;, kt\u00f3ry jest realizowany przy wsp\u00f3\u0142pracy z Krajowym O\u015brodkiem Wsparcia Rolnictwa.<\/span><br \/>\n<span style=\"font-size: 12pt; color: #000000;\">Dodatkowe informacje zawarte s\u0105 w poni\u017cszym linku.<span style=\"color: #0000ff;\">\u00a0<a style=\"color: #0000ff;\" href=\"http:\/\/www.kowr.gov.pl\/program-dla-szkol\/program-dla-szkol\">http:\/\/www.kowr.gov.pl\/program-dla-szkol\/program-dla-szkol<\/a><\/span><\/span><\/p>\n<p style=\"text-align: right;\">\n","protected":false},"excerpt":{"rendered":"<p>Nasza szko\u0142a uczestniczy w obecnym roku szkolnym w unijnym &#8222;Programie dla szk\u00f3\u0142&#8221;, kt\u00f3ry jest realizowany przy wsp\u00f3\u0142pracy z Krajowym O\u015brodkiem Wsparcia Rolnictwa. Dodatkowe informacje zawarte s\u0105 w poni\u017cszym linku.\u00a0http:\/\/www.kowr.gov.pl\/program-dla-szkol\/program-dla-szkol<\/p>\n","protected":false},"author":1,"featured_media":0,"parent":0,"menu_order":0,"comment_status":"closed","ping_status":"closed","template":"","meta":[],"_links":{"self":[{"href":"http:\/\/zsp-lasin.pl\/index.php?rest_route=\/wp\/v2\/pages\/7715"}],"collection":[{"href":"http:\/\/zsp-lasin.pl\/index.php?rest_route=\/wp\/v2\/pages"}],"about":[{"href":"http:\/\/zsp-lasin.pl\/index.php?rest_route=\/wp\/v2\/types\/page"}],"author":[{"embeddable":true,"href":"http:\/\/zsp-lasin.pl\/index.php?rest_route=\/wp\/v2\/users\/1"}],"replies":[{"embeddable":true,"href":"http:\/\/zsp-lasin.pl\/index.php?rest_route=%2Fwp%2Fv2%2Fcomments&post=7715"}],"version-history":[{"count":3,"href":"http:\/\/zsp-lasin.pl\/index.php?rest_route=\/wp\/v2\/pages\/7715\/revisions"}],"predecessor-version":[{"id":7719,"href":"http:\/\/zsp-lasin.pl\/index.php?rest_route=\/wp\/v2\/pages\/7715\/revisions\/7719"}],"wp:attachment":[{"href":"http:\/\/zsp-lasin.pl\/index.php?rest_route=%2Fwp%2Fv2%2Fmedia&parent=7715"}],"curies":[{"name":"wp","href":"https:\/\/api.w.org\/{rel}","templated":true}]}}