{"id":10729,"date":"2021-06-27T19:52:29","date_gmt":"2021-06-27T19:52:29","guid":{"rendered":"http:\/\/zsp-lasin.pl\/?page_id=10729"},"modified":"2021-06-27T19:59:05","modified_gmt":"2021-06-27T19:59:05","slug":"informacja-dla-rodzicow-pierwszoklasistow","status":"publish","type":"page","link":"https:\/\/zsp-lasin.pl\/?page_id=10729","title":{"rendered":"Teksty do nauczenia na Pasowanie"},"content":{"rendered":"<p><span style=\"color: #000000;\"><strong>Teksty do nauczenia na \u201ePasowanie na ucznia\u201d<\/strong><\/span><\/p>\n<p><span style=\"color: #000000;\"><strong>(Klasy I wsp\u00f3lnie recytuj\u0105 wiersz)<\/strong><\/span><\/p>\n<p><span style=\"color: #000000;\"><strong>\u00a0<\/strong><\/span><span style=\"color: #000000;\"><strong>\u00a0\u201eMy si\u0119 szko\u0142y nie boimy\u201d<\/strong><\/span><\/p>\n<p><span style=\"color: #000000;\">My si\u0119 szko\u0142y nie boimy,<\/span><\/p>\n<p><span style=\"color: #000000;\">cho\u0107 i praca czeka nas.\u00a0<\/span><\/p>\n<p><span style=\"color: #000000;\">\u015amia\u0142o do niej dzi\u015b wkroczymy,<\/span><\/p>\n<p><span style=\"color: #000000;\">bo nauki nadszed\u0142 czas.\u00a0<\/span><\/p>\n<p><span style=\"color: #000000;\">Nauczymy si\u0119 literek,<\/span><\/p>\n<p><span style=\"color: #000000;\">potem czyta\u0107, pisa\u0107 te\u017c<\/span><\/p>\n<p><span style=\"color: #000000;\">i b\u0119dziemy mogli sami<\/span><\/p>\n<p><span style=\"color: #000000;\">ju\u017c przeczyta\u0107 ka\u017cdy wiersz.<\/span><\/p>\n<p><span style=\"color: #000000;\">Nauczymy si\u0119 te\u017c liczy\u0107<\/span><\/p>\n<p><span style=\"color: #000000;\">i poznamy ca\u0142y \u015bwiat.<\/span><\/p>\n<p><span style=\"color: #000000;\">B\u0119dzie czas i na zabaw\u0119<\/span><\/p>\n<p><span style=\"color: #000000;\">ka\u017cdy wi\u0119c jest dzisiaj rad.<\/span><\/p>\n<p><span style=\"color: #000000;\"><strong>(Klasy I wsp\u00f3lnie recytuj\u0105 wiersz:)<\/strong><\/span><\/p>\n<p><span style=\"color: #000000;\"><strong>\u00a0\u201eRaz, dwa trzy \u2013 teraz my!\u201d<\/strong><\/span><\/p>\n<p><span style=\"color: #000000;\">Raz, dwa, trzy \u2013 teraz my!<\/span><\/p>\n<p><span style=\"color: #000000;\">Szko\u0142o, szko\u0142o \u2013 otw\u00f3rz drzwi!<\/span><\/p>\n<p><span style=\"color: #000000;\">Ka\u017cdy z nas dobrze wie \u2013<\/span><\/p>\n<p><span style=\"color: #000000;\">Nadszed\u0142 czas, by uczy\u0107 si\u0119!<\/span><\/p>\n<p><span style=\"color: #000000;\">Raz, dwa, trzy \u2013 teraz my!<\/span><\/p>\n<p><span style=\"color: #000000;\">Id\u0119 ja i idziesz Ty!<\/span><\/p>\n<p><span style=\"color: #000000;\">Trzy, dwa , raz \u2013 na nas czas!<\/span><\/p>\n<p><span style=\"color: #000000;\">Maszerujmy do swych klas!<\/span><\/p>\n<p><span style=\"color: #000000;\">Raz ,dwa, trzy \u2013 teraz my!<\/span><\/p>\n<p><span style=\"color: #000000;\">Ucze\u0144 \u2013 jak to pi\u0119knie brzmi!<\/span><\/p>\n<p><span style=\"color: #000000;\">Raz, dwa, trzy, cztery, pi\u0119\u0107-<\/span><\/p>\n<p><span style=\"color: #000000;\">na nauk\u0119 mamy ch\u0119\u0107!<\/span><\/p>\n<p><span style=\"color: #000000;\"><strong>(Pierwszaki ch\u00f3rem \u015bpiewaj\u0105 piosenk\u0119 )<\/strong><\/span><\/p>\n<p><a href=\"https:\/\/www.youtube.com\/watch?v=89NvkZ1jzIk\"><span style=\"color: #000000;\"><strong>https:\/\/www.youtube.com\/watch?v=89NvkZ1jzIk<\/strong><\/span><\/a><\/p>\n<p><a href=\"https:\/\/www.youtube.com\/watch?v=SUKW_nm3Zko\"><span style=\"color: #000000;\"><strong>https:\/\/www.youtube.com\/watch?v=SUKW_nm3Zko<\/strong><\/span><\/a><\/p>\n<p><span style=\"color: #000000;\"><strong>Pierwszaczek<\/strong><\/span><\/p>\n<ol>\n<li><span style=\"color: #000000;\">Puk, puk \u2013 to ja, ma\u0142y ucze\u0144 pierwszaczek.<\/span><\/li>\n<\/ol>\n<p><span style=\"color: #000000;\">\u00a0Puk, puk \u2013 to ja, taki dzielny uczniaczek.<\/span><\/p>\n<p><span style=\"color: #000000;\">Puk, puk \u2013 to ja, pukam, szko\u0142o do twych drzwi.<\/span><\/p>\n<p><span style=\"color: #000000;\">Puk, puk \u2013 to ja, prosz\u0119, b\u0105d\u017a przyjazna mi.<\/span><\/p>\n<p><span style=\"color: #000000;\">Ref: O le, o le, o la, szko\u0142\u0119 lubi\u0107 si\u0119 da.<\/span><\/p>\n<p><span style=\"color: #000000;\">\u00a0O le, o le, o la, a w niej uczniem jestem ja. (bis)<\/span><\/p>\n<ol start=\"2\">\n<li><span style=\"color: #000000;\">Dzy\u0144, dzy\u0144 \u2013 to ja, mam tornister spakowany.<\/span><\/li>\n<\/ol>\n<p><span style=\"color: #000000;\">Dzy\u0144, dzy\u0144 \u2013 to ja, samodzielny i bez mamy.<\/span><\/p>\n<p><span style=\"color: #000000;\">Dzy\u0144, dzy\u0144 \u2013 to ja, mog\u0119 usi\u0105\u015b\u0107 w \u0142awce twej.<\/span><\/p>\n<p><span style=\"color: #000000;\">Dzy\u0144, dzy\u0144 \u2013 to ja, moim druhem zosta\u0107 chciej.<\/span><\/p>\n<p><span style=\"color: #000000;\">Ref: O le, o le, o la, szko\u0142\u0119 lubi\u0107 si\u0119 da.<\/span><\/p>\n<p><span style=\"color: #000000;\">O le, o le, o la, a w niej uczniem jestem ja. (bis)<\/span><\/p>\n<p><span style=\"color: #000000;\"><strong>INFORMACJA<\/strong><\/span><\/p>\n<p><span style=\"color: #000000;\"><strong>Na Pasowanie zbi\u00f3rka po 20z\u0142\/os <\/strong><\/span><\/p>\n<p><span style=\"color: #000000;\"><strong>(na birety, dyplom, niespodziank\u0119)<\/strong><\/span><\/p>\n<p>&nbsp;<\/p>\n","protected":false},"excerpt":{"rendered":"<p>Teksty do nauczenia na \u201ePasowanie na ucznia\u201d (Klasy I wsp\u00f3lnie recytuj\u0105 wiersz) \u00a0\u00a0\u201eMy si\u0119 szko\u0142y nie boimy\u201d My si\u0119 szko\u0142y nie boimy, cho\u0107 i praca czeka nas.\u00a0 \u015amia\u0142o do niej dzi\u015b wkroczymy, bo nauki nadszed\u0142 czas.\u00a0 Nauczymy si\u0119 literek, potem czyta\u0107, pisa\u0107 te\u017c i b\u0119dziemy mogli sami ju\u017c przeczyta\u0107 ka\u017cdy&hellip;<\/p>\n","protected":false},"author":1,"featured_media":0,"parent":0,"menu_order":0,"comment_status":"closed","ping_status":"closed","template":"","meta":[],"_links":{"self":[{"href":"https:\/\/zsp-lasin.pl\/index.php?rest_route=\/wp\/v2\/pages\/10729"}],"collection":[{"href":"https:\/\/zsp-lasin.pl\/index.php?rest_route=\/wp\/v2\/pages"}],"about":[{"href":"https:\/\/zsp-lasin.pl\/index.php?rest_route=\/wp\/v2\/types\/page"}],"author":[{"embeddable":true,"href":"https:\/\/zsp-lasin.pl\/index.php?rest_route=\/wp\/v2\/users\/1"}],"replies":[{"embeddable":true,"href":"https:\/\/zsp-lasin.pl\/index.php?rest_route=%2Fwp%2Fv2%2Fcomments&post=10729"}],"version-history":[{"count":2,"href":"https:\/\/zsp-lasin.pl\/index.php?rest_route=\/wp\/v2\/pages\/10729\/revisions"}],"predecessor-version":[{"id":10733,"href":"https:\/\/zsp-lasin.pl\/index.php?rest_route=\/wp\/v2\/pages\/10729\/revisions\/10733"}],"wp:attachment":[{"href":"https:\/\/zsp-lasin.pl\/index.php?rest_route=%2Fwp%2Fv2%2Fmedia&parent=10729"}],"curies":[{"name":"wp","href":"https:\/\/api.w.org\/{rel}","templated":true}]}}