{"id":2189,"date":"2018-11-06T21:42:17","date_gmt":"2018-11-06T21:42:17","guid":{"rendered":"http:\/\/zsp-lasin.pl\/edukacja_wczesnoszkolna\/?page_id=2189"},"modified":"2018-11-22T18:39:13","modified_gmt":"2018-11-22T18:39:13","slug":"historia","status":"publish","type":"page","link":"https:\/\/zsp-lasin.pl\/?page_id=2189","title":{"rendered":"Historia"},"content":{"rendered":"<p><span style=\"font-family: times new roman, times, serif; font-size: 14pt; color: #000000;\"><strong>Tak si\u0119 zacz\u0119\u0142o<\/strong><\/span><\/p>\n<p style=\"text-align: justify;\"><span style=\"font-family: times new roman, times, serif; font-size: 12pt; color: #000000;\">Szko\u0142a w\u00a0 \u0141asinie rozpocz\u0119\u0142a swoj\u0105 dzia\u0142alno\u015b\u0107 w 1819 roku. Budynek tej szko\u0142y zosta\u0142 sprzedany osobie prywatnej. W 1828 wybudowano now\u0105 szko\u0142\u0119 jej budynek istnieje do dzisiejszego dnia. Nast\u0119pnie podj\u0119to decyzj\u0119 o budowie nowej szko\u0142y.\u00a0 1 maja 1960 roku murowano akt erekcyjny .<\/span><\/p>\n<p><a href=\"http:\/\/zsp-lasin.pl\/wp-content\/uploads\/2018\/11\/h_szk.png\"><img fetchpriority=\"high\" class=\"aligncenter wp-image-2714 size-full\" src=\"http:\/\/zsp-lasin.pl\/wp-content\/uploads\/2018\/11\/h_szk.png\" alt=\"\" width=\"452\" height=\"297\" srcset=\"https:\/\/zsp-lasin.pl\/wp-content\/uploads\/2018\/11\/h_szk.png 452w, https:\/\/zsp-lasin.pl\/wp-content\/uploads\/2018\/11\/h_szk-300x197.png 300w, https:\/\/zsp-lasin.pl\/wp-content\/uploads\/2018\/11\/h_szk-360x237.png 360w\" sizes=\"(max-width: 452px) 100vw, 452px\" \/><\/a><\/p>\n<p style=\"text-align: justify;\"><span style=\"font-family: times new roman, times, serif; font-size: 12pt; color: #000000;\">Szko\u0142\u0119 oddano do u\u017cytku 3 wrze\u015bnia 1962 roku. Pierwszym dyrektorem zosta\u0142 mgr Jan Gwizda\u0142a. W 1983 roku nast\u0119puje przeniesienie do obecnego budynku. Mie\u015bci\u0142a si\u0119 tutaj Zbiorcza Szko\u0142a Gminna ale od 1999 roku dzia\u0142alno\u015b\u0107 swoj\u0105 zacz\u0119\u0142o Gimnazjum nr 1. W 2004 szko\u0142a zmieni\u0142a nazw\u0119 na Zesp\u00f3\u0142 Szk\u00f3\u0142 Publicznych w \u0141asinie.<\/span><\/p>\n<p>&nbsp;<\/p>\n","protected":false},"excerpt":{"rendered":"<p>Tak si\u0119 zacz\u0119\u0142o Szko\u0142a w\u00a0 \u0141asinie rozpocz\u0119\u0142a swoj\u0105 dzia\u0142alno\u015b\u0107 w 1819 roku. Budynek tej szko\u0142y zosta\u0142 sprzedany osobie prywatnej. W 1828 wybudowano now\u0105 szko\u0142\u0119 jej budynek istnieje do dzisiejszego dnia. Nast\u0119pnie podj\u0119to decyzj\u0119 o budowie nowej szko\u0142y.\u00a0 1 maja 1960 roku murowano akt erekcyjny . Szko\u0142\u0119 oddano do u\u017cytku 3&hellip;<\/p>\n","protected":false},"author":1,"featured_media":0,"parent":0,"menu_order":0,"comment_status":"closed","ping_status":"closed","template":"","meta":[],"_links":{"self":[{"href":"https:\/\/zsp-lasin.pl\/index.php?rest_route=\/wp\/v2\/pages\/2189"}],"collection":[{"href":"https:\/\/zsp-lasin.pl\/index.php?rest_route=\/wp\/v2\/pages"}],"about":[{"href":"https:\/\/zsp-lasin.pl\/index.php?rest_route=\/wp\/v2\/types\/page"}],"author":[{"embeddable":true,"href":"https:\/\/zsp-lasin.pl\/index.php?rest_route=\/wp\/v2\/users\/1"}],"replies":[{"embeddable":true,"href":"https:\/\/zsp-lasin.pl\/index.php?rest_route=%2Fwp%2Fv2%2Fcomments&post=2189"}],"version-history":[{"count":6,"href":"https:\/\/zsp-lasin.pl\/index.php?rest_route=\/wp\/v2\/pages\/2189\/revisions"}],"predecessor-version":[{"id":2718,"href":"https:\/\/zsp-lasin.pl\/index.php?rest_route=\/wp\/v2\/pages\/2189\/revisions\/2718"}],"wp:attachment":[{"href":"https:\/\/zsp-lasin.pl\/index.php?rest_route=%2Fwp%2Fv2%2Fmedia&parent=2189"}],"curies":[{"name":"wp","href":"https:\/\/api.w.org\/{rel}","templated":true}]}}