{"id":2400,"date":"2018-11-11T20:23:30","date_gmt":"2018-11-11T20:23:30","guid":{"rendered":"http:\/\/zsp-lasin.pl\/?page_id=2400"},"modified":"2019-10-01T17:17:30","modified_gmt":"2019-10-01T17:17:30","slug":"realizowane-projekty","status":"publish","type":"page","link":"https:\/\/zsp-lasin.pl\/?page_id=2400","title":{"rendered":"Zrealizowane projekty"},"content":{"rendered":"<p style=\"text-align: center;\"><a href=\"http:\/\/zsp-lasin.pl\/wp-content\/uploads\/realizowane projekty\/projekt_wolontariat_2018_2019.pdf\"><span style=\"font-size: 12pt; color: #000000;\">Wolontariat<\/span><\/a><\/p>\n<p style=\"text-align: center;\"><a href=\"http:\/\/zsp-lasin.pl\/wp-content\/uploads\/zrealizowane projekty\/od_grosika_do_zlotowki_2015.pdf\"><span style=\"color: #000000; font-size: 12pt;\"><span style=\"color: #000000;\"><span style=\"font-size: 12pt;\">Sprawozdanie z realizacji projektu WOLONTARIAT<\/span> <a href=\"http:\/\/zsp-lasin.pl\/wp-content\/uploads\/caritas\/wolontariat sprawozdanie.pdf\">&gt;&gt;&gt; czytaj<\/a><\/span><\/span><\/a><\/p>\n<p style=\"text-align: center;\"><a href=\"http:\/\/zsp-lasin.pl\/wp-content\/uploads\/zrealizowane projekty\/od_grosika_do_zlotowki_2015.pdf\"><span style=\"color: #000000; font-size: 12pt;\">\u201eBezpieczne w\u0119dr\u00f3wki. Od grosika do z\u0142ot\u00f3wki\u201d<\/span><\/a><\/p>\n<p style=\"text-align: center;\"><a href=\"http:\/\/zsp-lasin.pl\/?page_id=855\"><span style=\"font-size: 12pt; color: #000000;\">Rekutywacja<\/span><\/a><\/p>\n<p style=\"text-align: center;\"><a href=\"http:\/\/zsp-lasin.pl\/wp-content\/uploads\/zrealizowane projekty\/CWICZE UCZE SIE WYGRYWAM.pdf\"><span style=\"font-size: 12pt; color: #000000;\">\u0106wicz\u0119 ucz\u0119 si\u0119 wygrywam<\/span><\/a><\/p>\n<p style=\"text-align: center;\"><a href=\"http:\/\/zsp-lasin.pl\/wp-content\/uploads\/zrealizowane projekty\/eduscience.pdf\"><span style=\"font-size: 12pt; color: #000000;\">Eduscience<\/span><\/a><\/p>\n<p style=\"text-align: center;\"><a href=\"http:\/\/zsp-lasin.pl\/wp-content\/uploads\/zrealizowane projekty\/Turystyka i kultura recepta na zdrowie.pdf\"><span style=\"font-size: 12pt; color: #000000;\">&#8222;Turystyka i kultura recept\u0105 na zdrowie\u201d<\/span><\/a><\/p>\n","protected":false},"excerpt":{"rendered":"<p>Wolontariat Sprawozdanie z realizacji projektu WOLONTARIAT &gt;&gt;&gt; czytaj \u201eBezpieczne w\u0119dr\u00f3wki. Od grosika do z\u0142ot\u00f3wki\u201d Rekutywacja \u0106wicz\u0119 ucz\u0119 si\u0119 wygrywam Eduscience &#8222;Turystyka i kultura recept\u0105 na zdrowie\u201d<\/p>\n","protected":false},"author":1,"featured_media":0,"parent":0,"menu_order":0,"comment_status":"closed","ping_status":"closed","template":"","meta":[],"_links":{"self":[{"href":"https:\/\/zsp-lasin.pl\/index.php?rest_route=\/wp\/v2\/pages\/2400"}],"collection":[{"href":"https:\/\/zsp-lasin.pl\/index.php?rest_route=\/wp\/v2\/pages"}],"about":[{"href":"https:\/\/zsp-lasin.pl\/index.php?rest_route=\/wp\/v2\/types\/page"}],"author":[{"embeddable":true,"href":"https:\/\/zsp-lasin.pl\/index.php?rest_route=\/wp\/v2\/users\/1"}],"replies":[{"embeddable":true,"href":"https:\/\/zsp-lasin.pl\/index.php?rest_route=%2Fwp%2Fv2%2Fcomments&post=2400"}],"version-history":[{"count":12,"href":"https:\/\/zsp-lasin.pl\/index.php?rest_route=\/wp\/v2\/pages\/2400\/revisions"}],"predecessor-version":[{"id":5915,"href":"https:\/\/zsp-lasin.pl\/index.php?rest_route=\/wp\/v2\/pages\/2400\/revisions\/5915"}],"wp:attachment":[{"href":"https:\/\/zsp-lasin.pl\/index.php?rest_route=%2Fwp%2Fv2%2Fmedia&parent=2400"}],"curies":[{"name":"wp","href":"https:\/\/api.w.org\/{rel}","templated":true}]}}