{"id":3970,"date":"2019-03-05T18:00:22","date_gmt":"2019-03-05T18:00:22","guid":{"rendered":"http:\/\/zsp-lasin.pl\/?page_id=3970"},"modified":"2026-02-02T09:19:52","modified_gmt":"2026-02-02T09:19:52","slug":"rekrutacja-2","status":"publish","type":"page","link":"https:\/\/zsp-lasin.pl\/?page_id=3970","title":{"rendered":"Rekrutacja"},"content":{"rendered":"<p style=\"text-align: center;\"><strong><span style=\"font-size: 12pt; color: #ff6600;\"><a href=\"http:\/\/zsp-lasin.pl\/wp-content\/uploads\/2019\/03\/rekrutacja.jpg\"><img fetchpriority=\"high\" class=\"wp-image-4155 size-full aligncenter\" src=\"http:\/\/zsp-lasin.pl\/wp-content\/uploads\/2019\/03\/rekrutacja.jpg\" alt=\"\" width=\"791\" height=\"237\" srcset=\"https:\/\/zsp-lasin.pl\/wp-content\/uploads\/2019\/03\/rekrutacja.jpg 791w, https:\/\/zsp-lasin.pl\/wp-content\/uploads\/2019\/03\/rekrutacja-300x90.jpg 300w, https:\/\/zsp-lasin.pl\/wp-content\/uploads\/2019\/03\/rekrutacja-768x230.jpg 768w, https:\/\/zsp-lasin.pl\/wp-content\/uploads\/2019\/03\/rekrutacja-360x108.jpg 360w\" sizes=\"(max-width: 791px) 100vw, 791px\" \/><\/a><\/span><\/strong><\/p>\n<p style=\"text-align: center;\"><strong><span style=\"font-size: 12pt; color: #ff6600;\">Rekrutacja <span style=\"color: #000000;\"><span style=\"color: #ff6600;\">do klas pierwszych na rok szkolny 2026\/2027<br \/>\n<\/span><\/span>potrwa od 12 lutego do 11 marca 2026 r.<\/span><\/strong><\/p>\n<p><strong><span style=\"font-size: 10pt; color: #000000;\">Wniosek o przyj\u0119cie dziecka do szko\u0142y podstawowej.<\/span><\/strong><\/p>\n<p><em><span style=\"font-size: 10pt; color: #000000;\">Wersja do pobrania (pdf):<\/span><\/em><\/p>\n<table style=\"width: 370px; height: 86px;\">\n<tbody>\n<tr data-wp-editing=\"1\">\n<td style=\"width: 105px;\">&#8230;&#8230;&#8230;&#8230;&#8230;&#8230;&#8230;&#8230;&#8230;..<img class=\"aligncenter wp-image-3977\" src=\"http:\/\/zsp-lasin.pl\/wp-content\/uploads\/2019\/03\/p-1.jpg\" alt=\"\" width=\"58\" height=\"58\" \/><\/td>\n<td style=\"width: 274.85px;\"><a href=\"http:\/\/zsp-lasin.pl\/wp-content\/uploads\/2026\/01\/wniosek_o_przyjecie_dziecka_do_szkoly_podstawowej-2026-2027.pdf\">http:\/\/zsp-lasin.pl\/wp-content\/uploads\/2026\/01\/wniosek_o_przyjecie_dziecka_do_<br \/>\nszkoly_podstawowej-2026-2027.pdf<\/a><\/td>\n<\/tr>\n<\/tbody>\n<\/table>\n<p class=\"Default\" style=\"text-align: left;\" align=\"center\"><strong><span style=\"font-size: 10pt; color: #000000;\">O\u015bwiadczenie woli ucz\u0119szczania dziecka do szko\u0142y <\/span><span style=\"color: #ff0000;\"><span style=\"font-size: 10pt;\">dostarczamy po rekrutacji,<\/span><span style=\"font-size: 10pt;\">\u00a0czyli po 11.03.2026r.<\/span><\/span><\/strong><\/p>\n<p><span style=\"color: #000000;\"><em>Wersja do pobrania (pdf):<\/em><\/span><\/p>\n<table style=\"width: 413.85px; height: 96px;\">\n<tbody>\n<tr>\n<td style=\"width: 105px;\"><img class=\"aligncenter wp-image-3977\" src=\"http:\/\/zsp-lasin.pl\/wp-content\/uploads\/2019\/03\/p-1.jpg\" alt=\"\" width=\"58\" height=\"58\" \/><\/td>\n<td style=\"width: 274.85px;\"><a href=\"http:\/\/zsp-lasin.pl\/wp-content\/uploads\/2026\/02\/Oswiadczenie-woli-uczeszczania-dziecka-do-szkoly.pdf\">http:\/\/zsp-lasin.pl\/wp-content\/uploads\/2026\/02\/Oswiadczenie-woli-uczeszczania-dziecka-do-szkoly.pdf<\/a><\/td>\n<\/tr>\n<\/tbody>\n<\/table>\n<p>&nbsp;<\/p>\n","protected":false},"excerpt":{"rendered":"<p>Rekrutacja do klas pierwszych na rok szkolny 2026\/2027 potrwa od 12 lutego do 11 marca 2026 r. Wniosek o przyj\u0119cie dziecka do szko\u0142y podstawowej. Wersja do pobrania (pdf): &#8230;&#8230;&#8230;&#8230;&#8230;&#8230;&#8230;&#8230;&#8230;.. http:\/\/zsp-lasin.pl\/wp-content\/uploads\/2026\/01\/wniosek_o_przyjecie_dziecka_do_ szkoly_podstawowej-2026-2027.pdf O\u015bwiadczenie woli ucz\u0119szczania dziecka do szko\u0142y dostarczamy po rekrutacji,\u00a0czyli po 11.03.2026r. Wersja do pobrania (pdf): http:\/\/zsp-lasin.pl\/wp-content\/uploads\/2026\/02\/Oswiadczenie-woli-uczeszczania-dziecka-do-szkoly.pdf &nbsp;<\/p>\n","protected":false},"author":1,"featured_media":0,"parent":0,"menu_order":0,"comment_status":"closed","ping_status":"closed","template":"","meta":[],"_links":{"self":[{"href":"https:\/\/zsp-lasin.pl\/index.php?rest_route=\/wp\/v2\/pages\/3970"}],"collection":[{"href":"https:\/\/zsp-lasin.pl\/index.php?rest_route=\/wp\/v2\/pages"}],"about":[{"href":"https:\/\/zsp-lasin.pl\/index.php?rest_route=\/wp\/v2\/types\/page"}],"author":[{"embeddable":true,"href":"https:\/\/zsp-lasin.pl\/index.php?rest_route=\/wp\/v2\/users\/1"}],"replies":[{"embeddable":true,"href":"https:\/\/zsp-lasin.pl\/index.php?rest_route=%2Fwp%2Fv2%2Fcomments&post=3970"}],"version-history":[{"count":40,"href":"https:\/\/zsp-lasin.pl\/index.php?rest_route=\/wp\/v2\/pages\/3970\/revisions"}],"predecessor-version":[{"id":37901,"href":"https:\/\/zsp-lasin.pl\/index.php?rest_route=\/wp\/v2\/pages\/3970\/revisions\/37901"}],"wp:attachment":[{"href":"https:\/\/zsp-lasin.pl\/index.php?rest_route=%2Fwp%2Fv2%2Fmedia&parent=3970"}],"curies":[{"name":"wp","href":"https:\/\/api.w.org\/{rel}","templated":true}]}}